{"id":1621,"date":"2018-10-26T08:11:01","date_gmt":"2018-10-26T08:11:01","guid":{"rendered":"https:\/\/presses-universitaires.parisnanterre.fr\/?post_type=product&#038;p=1621"},"modified":"2022-01-26T11:04:28","modified_gmt":"2022-01-26T11:04:28","slug":"dynamiques-linguistiques-variation-evolution-et-cognition-etude-en-hommage-a-bernard-laks","status":"publish","type":"product","link":"https:\/\/presses-universitaires.parisnanterre.fr\/index.php\/produit\/dynamiques-linguistiques-variation-evolution-et-cognition-etude-en-hommage-a-bernard-laks\/","title":{"rendered":"Dynamiques linguistiques : variation, \u00e9volution et cognition. \u00c9tude en hommage \u00e0 Bernard Laks."},"content":{"rendered":"","protected":false},"excerpt":{"rendered":"<ul>\n<li>Marie-H\u00e9l\u00e8ne C\u00f4t\u00e9, Jacques Durand, Chantal Lyche et Julie Peuvergne (dir.)<\/li>\n<li>Pr\u00e9face de Pierre Encrev\u00e9<\/li>\n<li>Langue : fran\u00e7ais<\/li>\n<li>232 pages<\/li>\n<li>ISBN : 978-2-84016-288-9<\/li>\n<li>Date de parution : 2018<\/li>\n<\/ul>\n","protected":false},"featured_media":1622,"comment_status":"closed","ping_status":"closed","template":"","meta":{"_kad_blocks_custom_css":"","_kad_blocks_head_custom_js":"","_kad_blocks_body_custom_js":"","_kad_blocks_footer_custom_js":"","_kadence_starter_templates_imported_post":false,"_kad_post_transparent":"default","_kad_post_title":"","_kad_post_layout":"default","_kad_post_sidebar_id":"","_kad_post_content_style":"default","_kad_post_vertical_padding":"default","_kad_post_feature":"","_kad_post_feature_position":"","_kad_post_header":false,"_kad_post_footer":false,"_kad_post_classname":""},"product_brand":[],"product_cat":[520,432,433],"product_tag":[469],"class_list":{"0":"post-1621","1":"product","2":"type-product","3":"status-publish","4":"has-post-thumbnail","6":"product_cat-cognition","7":"product_cat-langue","8":"product_cat-linguistique","9":"product_tag-hors-collection","11":"first","12":"instock","13":"taxable","14":"shipping-taxable","15":"purchasable","16":"product-type-simple","17":"entry","18":"content-bg","19":"loop-entry"},"taxonomy_info":{"product_cat":[{"value":520,"label":"Cognition"},{"value":432,"label":"Langue"},{"value":433,"label":"Linguistique"}],"product_tag":[{"value":469,"label":"Hors collection"}]},"featured_image_src_large":["https:\/\/presses-universitaires.parisnanterre.fr\/wp-content\/uploads\/2021\/10\/CouvHommageLaks2-copie-636x1024.jpg",636,1024,true],"author_info":[],"comment_info":0,"_links":{"self":[{"href":"https:\/\/presses-universitaires.parisnanterre.fr\/index.php\/wp-json\/wp\/v2\/product\/1621","targetHints":{"allow":["GET"]}}],"collection":[{"href":"https:\/\/presses-universitaires.parisnanterre.fr\/index.php\/wp-json\/wp\/v2\/product"}],"about":[{"href":"https:\/\/presses-universitaires.parisnanterre.fr\/index.php\/wp-json\/wp\/v2\/types\/product"}],"replies":[{"embeddable":true,"href":"https:\/\/presses-universitaires.parisnanterre.fr\/index.php\/wp-json\/wp\/v2\/comments?post=1621"}],"wp:featuredmedia":[{"embeddable":true,"href":"https:\/\/presses-universitaires.parisnanterre.fr\/index.php\/wp-json\/wp\/v2\/media\/1622"}],"wp:attachment":[{"href":"https:\/\/presses-universitaires.parisnanterre.fr\/index.php\/wp-json\/wp\/v2\/media?parent=1621"}],"wp:term":[{"taxonomy":"product_brand","embeddable":true,"href":"https:\/\/presses-universitaires.parisnanterre.fr\/index.php\/wp-json\/wp\/v2\/product_brand?post=1621"},{"taxonomy":"product_cat","embeddable":true,"href":"https:\/\/presses-universitaires.parisnanterre.fr\/index.php\/wp-json\/wp\/v2\/product_cat?post=1621"},{"taxonomy":"product_tag","embeddable":true,"href":"https:\/\/presses-universitaires.parisnanterre.fr\/index.php\/wp-json\/wp\/v2\/product_tag?post=1621"}],"curies":[{"name":"wp","href":"https:\/\/api.w.org\/{rel}","templated":true}]}}