{"id":1619,"date":"2014-10-26T08:09:20","date_gmt":"2014-10-26T08:09:20","guid":{"rendered":"https:\/\/presses-universitaires.parisnanterre.fr\/?post_type=product&#038;p=1619"},"modified":"2023-07-29T14:12:40","modified_gmt":"2023-07-29T14:12:40","slug":"economie-mathematique-et-histoire-hommage-a-christian-bidard","status":"publish","type":"product","link":"https:\/\/presses-universitaires.parisnanterre.fr\/index.php\/produit\/economie-mathematique-et-histoire-hommage-a-christian-bidard\/","title":{"rendered":"\u00c9conomie, math\u00e9matique et histoire. Hommage \u00e0 Christian Bidard."},"content":{"rendered":"","protected":false},"excerpt":{"rendered":"<ul>\n<li>Fabrice Tricou et Danielle Leeman (dir.)<\/li>\n<li>Langues : fran\u00e7ais, anglais<\/li>\n<li>326 pages<\/li>\n<li>ISBN : 978-2-84016-198-1<\/li>\n<li>Date de parution : 2014<\/li>\n<\/ul>\n","protected":false},"featured_media":1620,"comment_status":"closed","ping_status":"closed","template":"","meta":{"_kad_blocks_custom_css":"","_kad_blocks_head_custom_js":"","_kad_blocks_body_custom_js":"","_kad_blocks_footer_custom_js":"","_kadence_starter_templates_imported_post":false,"_kad_post_transparent":"default","_kad_post_title":"","_kad_post_layout":"default","_kad_post_sidebar_id":"","_kad_post_content_style":"default","_kad_post_vertical_padding":"default","_kad_post_feature":"","_kad_post_feature_position":"","_kad_post_header":false,"_kad_post_footer":false,"_kad_post_classname":""},"product_brand":[],"product_cat":[397,398,417,400,449],"product_tag":[530],"class_list":{"0":"post-1619","1":"product","2":"type-product","3":"status-publish","4":"has-post-thumbnail","6":"product_cat-croisements-disciplinaires","7":"product_cat-droit-economie-sciences-politiques","8":"product_cat-economie","9":"product_cat-histoire","10":"product_cat-sciences","11":"product_tag-essais-economiques","13":"first","14":"instock","15":"taxable","16":"shipping-taxable","17":"purchasable","18":"product-type-simple","19":"entry","20":"content-bg","21":"loop-entry"},"taxonomy_info":{"product_cat":[{"value":397,"label":"Croisements disciplinaires"},{"value":398,"label":"Droit, \u00e9conomie, sciences politiques"},{"value":417,"label":"\u00c9conomie"},{"value":400,"label":"Histoire"},{"value":449,"label":"Sciences"}],"product_tag":[{"value":530,"label":"Essais \u00e9conomiques"}]},"featured_image_src_large":["https:\/\/presses-universitaires.parisnanterre.fr\/wp-content\/uploads\/2021\/10\/CouvEconomie-665x1024.jpg",665,1024,true],"author_info":[],"comment_info":0,"_links":{"self":[{"href":"https:\/\/presses-universitaires.parisnanterre.fr\/index.php\/wp-json\/wp\/v2\/product\/1619","targetHints":{"allow":["GET"]}}],"collection":[{"href":"https:\/\/presses-universitaires.parisnanterre.fr\/index.php\/wp-json\/wp\/v2\/product"}],"about":[{"href":"https:\/\/presses-universitaires.parisnanterre.fr\/index.php\/wp-json\/wp\/v2\/types\/product"}],"replies":[{"embeddable":true,"href":"https:\/\/presses-universitaires.parisnanterre.fr\/index.php\/wp-json\/wp\/v2\/comments?post=1619"}],"wp:featuredmedia":[{"embeddable":true,"href":"https:\/\/presses-universitaires.parisnanterre.fr\/index.php\/wp-json\/wp\/v2\/media\/1620"}],"wp:attachment":[{"href":"https:\/\/presses-universitaires.parisnanterre.fr\/index.php\/wp-json\/wp\/v2\/media?parent=1619"}],"wp:term":[{"taxonomy":"product_brand","embeddable":true,"href":"https:\/\/presses-universitaires.parisnanterre.fr\/index.php\/wp-json\/wp\/v2\/product_brand?post=1619"},{"taxonomy":"product_cat","embeddable":true,"href":"https:\/\/presses-universitaires.parisnanterre.fr\/index.php\/wp-json\/wp\/v2\/product_cat?post=1619"},{"taxonomy":"product_tag","embeddable":true,"href":"https:\/\/presses-universitaires.parisnanterre.fr\/index.php\/wp-json\/wp\/v2\/product_tag?post=1619"}],"curies":[{"name":"wp","href":"https:\/\/api.w.org\/{rel}","templated":true}]}}