{"id":1607,"date":"2012-10-25T14:34:56","date_gmt":"2012-10-25T14:34:56","guid":{"rendered":"https:\/\/presses-universitaires.parisnanterre.fr\/?post_type=product&#038;p=1607"},"modified":"2025-01-10T14:58:23","modified_gmt":"2025-01-10T14:58:23","slug":"a-la-recherche-du-rameau-dor-linvention-du-ravissement-de-saint-paul-de-nicolas-poussin-a-charles-le-brun","status":"publish","type":"product","link":"https:\/\/presses-universitaires.parisnanterre.fr\/index.php\/produit\/a-la-recherche-du-rameau-dor-linvention-du-ravissement-de-saint-paul-de-nicolas-poussin-a-charles-le-brun\/","title":{"rendered":"\u00c0 la recherche du rameau d&rsquo;or. L&rsquo;invention du <em>Ravissement de saint Paul<\/em> de Nicolas Poussin \u00e0 Charles Le Brun."},"content":{"rendered":"","protected":false},"excerpt":{"rendered":"<ul>\n<li>Marianne Cojannot-Le Blanc<\/li>\n<li>Langue : fran\u00e7ais<\/li>\n<li>235 pages + cahier couleurs<\/li>\n<li>ISBN :978-2-84016-107-3<\/li>\n<li>Date de parution : 2012<\/li>\n<\/ul>\n","protected":false},"featured_media":1608,"comment_status":"closed","ping_status":"closed","template":"","meta":{"_kad_blocks_custom_css":"","_kad_blocks_head_custom_js":"","_kad_blocks_body_custom_js":"","_kad_blocks_footer_custom_js":"","_kadence_starter_templates_imported_post":false,"_kad_post_transparent":"default","_kad_post_title":"","_kad_post_layout":"default","_kad_post_sidebar_id":"","_kad_post_content_style":"default","_kad_post_vertical_padding":"default","_kad_post_feature":"","_kad_post_feature_position":"","_kad_post_header":false,"_kad_post_footer":false,"_kad_post_classname":""},"product_brand":[],"product_cat":[395,412,434,403,441],"product_tag":[484],"class_list":{"0":"post-1607","1":"product","2":"type-product","3":"status-publish","4":"has-post-thumbnail","6":"product_cat-arts","7":"product_cat-arts-visuels","8":"product_cat-litterature","9":"product_cat-litteratures","10":"product_cat-peinture","11":"product_tag-modernite-classique","13":"first","14":"instock","15":"taxable","16":"shipping-taxable","17":"purchasable","18":"product-type-simple","19":"entry","20":"content-bg","21":"loop-entry"},"taxonomy_info":{"product_cat":[{"value":395,"label":"Arts"},{"value":412,"label":"Arts visuels"},{"value":434,"label":"Litt\u00e9rature"},{"value":403,"label":"Litt\u00e9ratures"},{"value":441,"label":"Peinture"}],"product_tag":[{"value":484,"label":"Modernit\u00e9 classique"}]},"featured_image_src_large":["https:\/\/presses-universitaires.parisnanterre.fr\/wp-content\/uploads\/2021\/10\/CouvRameauDorOK-829x1024.jpg",829,1024,true],"author_info":[],"comment_info":0,"_links":{"self":[{"href":"https:\/\/presses-universitaires.parisnanterre.fr\/index.php\/wp-json\/wp\/v2\/product\/1607","targetHints":{"allow":["GET"]}}],"collection":[{"href":"https:\/\/presses-universitaires.parisnanterre.fr\/index.php\/wp-json\/wp\/v2\/product"}],"about":[{"href":"https:\/\/presses-universitaires.parisnanterre.fr\/index.php\/wp-json\/wp\/v2\/types\/product"}],"replies":[{"embeddable":true,"href":"https:\/\/presses-universitaires.parisnanterre.fr\/index.php\/wp-json\/wp\/v2\/comments?post=1607"}],"wp:featuredmedia":[{"embeddable":true,"href":"https:\/\/presses-universitaires.parisnanterre.fr\/index.php\/wp-json\/wp\/v2\/media\/1608"}],"wp:attachment":[{"href":"https:\/\/presses-universitaires.parisnanterre.fr\/index.php\/wp-json\/wp\/v2\/media?parent=1607"}],"wp:term":[{"taxonomy":"product_brand","embeddable":true,"href":"https:\/\/presses-universitaires.parisnanterre.fr\/index.php\/wp-json\/wp\/v2\/product_brand?post=1607"},{"taxonomy":"product_cat","embeddable":true,"href":"https:\/\/presses-universitaires.parisnanterre.fr\/index.php\/wp-json\/wp\/v2\/product_cat?post=1607"},{"taxonomy":"product_tag","embeddable":true,"href":"https:\/\/presses-universitaires.parisnanterre.fr\/index.php\/wp-json\/wp\/v2\/product_tag?post=1607"}],"curies":[{"name":"wp","href":"https:\/\/api.w.org\/{rel}","templated":true}]}}