{"id":1601,"date":"2008-10-25T12:53:44","date_gmt":"2008-10-25T12:53:44","guid":{"rendered":"https:\/\/presses-universitaires.parisnanterre.fr\/?post_type=product&#038;p=1601"},"modified":"2025-02-03T09:37:42","modified_gmt":"2025-02-03T09:37:42","slug":"ganymede-ou-lechanson-rapt-ravissement-et-ivresse-poetique","status":"publish","type":"product","link":"https:\/\/presses-universitaires.parisnanterre.fr\/index.php\/produit\/ganymede-ou-lechanson-rapt-ravissement-et-ivresse-poetique\/","title":{"rendered":"Ganym\u00e8de ou l&rsquo;\u00e9chanson rapt, ravissement et ivresse po\u00e9tique"},"content":{"rendered":"","protected":false},"excerpt":{"rendered":"<ul>\n<li>V\u00e9ronique G\u00e9ly (dir.)<\/li>\n<li>Langue : fran\u00e7ais<\/li>\n<li>295 pages<\/li>\n<li>ISBN : 978-2-84016-010-6<\/li>\n<li>Date de publication : 2008<\/li>\n<\/ul>\n","protected":false},"featured_media":1602,"comment_status":"closed","ping_status":"closed","template":"","meta":{"_kad_blocks_custom_css":"","_kad_blocks_head_custom_js":"","_kad_blocks_body_custom_js":"","_kad_blocks_footer_custom_js":"","_kadence_starter_templates_imported_post":false,"_kad_post_transparent":"default","_kad_post_title":"","_kad_post_layout":"default","_kad_post_sidebar_id":"","_kad_post_content_style":"default","_kad_post_vertical_padding":"default","_kad_post_feature":"","_kad_post_feature_position":"","_kad_post_header":false,"_kad_post_footer":false,"_kad_post_classname":""},"product_brand":[],"product_cat":[401,430,434,435,403],"product_tag":[481],"class_list":{"0":"post-1601","1":"product","2":"type-product","3":"status-publish","4":"has-post-thumbnail","6":"product_cat-humanites-classiques-disciplines","7":"product_cat-humanites-classiques-thematiques","8":"product_cat-litterature","9":"product_cat-litterature-comparee","10":"product_cat-litteratures","11":"product_tag-litterature-et-poetique-comparees","13":"first","14":"instock","15":"taxable","16":"shipping-taxable","17":"purchasable","18":"product-type-simple","19":"entry","20":"content-bg","21":"loop-entry"},"taxonomy_info":{"product_cat":[{"value":401,"label":"Humanit\u00e9s classiques"},{"value":430,"label":"Humanit\u00e9s classiques"},{"value":434,"label":"Litt\u00e9rature"},{"value":435,"label":"Litt\u00e9rature compar\u00e9e"},{"value":403,"label":"Litt\u00e9ratures"}],"product_tag":[{"value":481,"label":"Litt\u00e9rature et po\u00e9tique compar\u00e9es"}]},"featured_image_src_large":["https:\/\/presses-universitaires.parisnanterre.fr\/wp-content\/uploads\/2021\/10\/CouvGanymedeOK-727x1024.jpg",727,1024,true],"author_info":[],"comment_info":0,"_links":{"self":[{"href":"https:\/\/presses-universitaires.parisnanterre.fr\/index.php\/wp-json\/wp\/v2\/product\/1601","targetHints":{"allow":["GET"]}}],"collection":[{"href":"https:\/\/presses-universitaires.parisnanterre.fr\/index.php\/wp-json\/wp\/v2\/product"}],"about":[{"href":"https:\/\/presses-universitaires.parisnanterre.fr\/index.php\/wp-json\/wp\/v2\/types\/product"}],"replies":[{"embeddable":true,"href":"https:\/\/presses-universitaires.parisnanterre.fr\/index.php\/wp-json\/wp\/v2\/comments?post=1601"}],"wp:featuredmedia":[{"embeddable":true,"href":"https:\/\/presses-universitaires.parisnanterre.fr\/index.php\/wp-json\/wp\/v2\/media\/1602"}],"wp:attachment":[{"href":"https:\/\/presses-universitaires.parisnanterre.fr\/index.php\/wp-json\/wp\/v2\/media?parent=1601"}],"wp:term":[{"taxonomy":"product_brand","embeddable":true,"href":"https:\/\/presses-universitaires.parisnanterre.fr\/index.php\/wp-json\/wp\/v2\/product_brand?post=1601"},{"taxonomy":"product_cat","embeddable":true,"href":"https:\/\/presses-universitaires.parisnanterre.fr\/index.php\/wp-json\/wp\/v2\/product_cat?post=1601"},{"taxonomy":"product_tag","embeddable":true,"href":"https:\/\/presses-universitaires.parisnanterre.fr\/index.php\/wp-json\/wp\/v2\/product_tag?post=1601"}],"curies":[{"name":"wp","href":"https:\/\/api.w.org\/{rel}","templated":true}]}}