{"id":159,"date":"2019-02-23T15:49:52","date_gmt":"2019-02-23T15:49:52","guid":{"rendered":"https:\/\/presses-universitaires.parisnanterre.fr\/?post_type=product&#038;p=159"},"modified":"2024-10-30T14:12:42","modified_gmt":"2024-10-30T14:12:42","slug":"lenigme-en-histoire-de-lart-periodes-medievale-et-contemporaine","status":"publish","type":"product","link":"https:\/\/presses-universitaires.parisnanterre.fr\/index.php\/produit\/lenigme-en-histoire-de-lart-periodes-medievale-et-contemporaine\/","title":{"rendered":"L\u2019\u00e9nigme en histoire de l\u2019art. P\u00e9riodes m\u00e9di\u00e9vale et contemporaine"},"content":{"rendered":"","protected":false},"excerpt":{"rendered":"<ul>\n<li>Coordination \u00e9ditoriale de V\u00e9ronique Boucherat<\/li>\n<li>Langue : Fran\u00e7ais<\/li>\n<li>278 Pages<\/li>\n<li>ISBN : 978-2-84016-343-5<\/li>\n<li>Date de publication : 2019<\/li>\n<\/ul>\n","protected":false},"featured_media":297,"comment_status":"closed","ping_status":"closed","template":"","meta":{"_kad_blocks_custom_css":"","_kad_blocks_head_custom_js":"","_kad_blocks_body_custom_js":"","_kad_blocks_footer_custom_js":"","_kadence_starter_templates_imported_post":false,"_kad_post_transparent":"default","_kad_post_title":"","_kad_post_layout":"default","_kad_post_sidebar_id":"","_kad_post_content_style":"default","_kad_post_vertical_padding":"default","_kad_post_feature":"","_kad_post_feature_position":"","_kad_post_header":false,"_kad_post_footer":false,"_kad_post_classname":""},"product_brand":[],"product_cat":[410,394,397,422,400,428,441],"product_tag":[477],"class_list":{"0":"post-159","1":"product","2":"type-product","3":"status-publish","4":"has-post-thumbnail","6":"product_cat-anthropologie","7":"product_cat-anthropologie-ethnologie","8":"product_cat-croisements-disciplinaires","9":"product_cat-esthetique","10":"product_cat-histoire","11":"product_cat-histoire-de-lart","12":"product_cat-peinture","13":"product_tag-les-arts-en-correspondance","15":"first","16":"instock","17":"taxable","18":"shipping-taxable","19":"purchasable","20":"product-type-simple","21":"entry","22":"content-bg","23":"loop-entry"},"taxonomy_info":{"product_cat":[{"value":410,"label":"Anthropologie"},{"value":394,"label":"Anthropologie, ethnologie"},{"value":397,"label":"Croisements disciplinaires"},{"value":422,"label":"Esth\u00e9tique"},{"value":400,"label":"Histoire"},{"value":428,"label":"Histoire de l'art"},{"value":441,"label":"Peinture"}],"product_tag":[{"value":477,"label":"Les arts en correspondance"}]},"featured_image_src_large":["https:\/\/presses-universitaires.parisnanterre.fr\/wp-content\/uploads\/2021\/02\/Couv_enigme_de\u0301f.png",721,1024,false],"author_info":[],"comment_info":0,"_links":{"self":[{"href":"https:\/\/presses-universitaires.parisnanterre.fr\/index.php\/wp-json\/wp\/v2\/product\/159","targetHints":{"allow":["GET"]}}],"collection":[{"href":"https:\/\/presses-universitaires.parisnanterre.fr\/index.php\/wp-json\/wp\/v2\/product"}],"about":[{"href":"https:\/\/presses-universitaires.parisnanterre.fr\/index.php\/wp-json\/wp\/v2\/types\/product"}],"replies":[{"embeddable":true,"href":"https:\/\/presses-universitaires.parisnanterre.fr\/index.php\/wp-json\/wp\/v2\/comments?post=159"}],"wp:featuredmedia":[{"embeddable":true,"href":"https:\/\/presses-universitaires.parisnanterre.fr\/index.php\/wp-json\/wp\/v2\/media\/297"}],"wp:attachment":[{"href":"https:\/\/presses-universitaires.parisnanterre.fr\/index.php\/wp-json\/wp\/v2\/media?parent=159"}],"wp:term":[{"taxonomy":"product_brand","embeddable":true,"href":"https:\/\/presses-universitaires.parisnanterre.fr\/index.php\/wp-json\/wp\/v2\/product_brand?post=159"},{"taxonomy":"product_cat","embeddable":true,"href":"https:\/\/presses-universitaires.parisnanterre.fr\/index.php\/wp-json\/wp\/v2\/product_cat?post=159"},{"taxonomy":"product_tag","embeddable":true,"href":"https:\/\/presses-universitaires.parisnanterre.fr\/index.php\/wp-json\/wp\/v2\/product_tag?post=159"}],"curies":[{"name":"wp","href":"https:\/\/api.w.org\/{rel}","templated":true}]}}