{"id":1585,"date":"2014-10-29T12:09:11","date_gmt":"2014-10-29T12:09:11","guid":{"rendered":"https:\/\/presses-universitaires.parisnanterre.fr\/?post_type=product&#038;p=1585"},"modified":"2021-10-29T12:09:45","modified_gmt":"2021-10-29T12:09:45","slug":"jules-cesar-a-la-conquete-des-editions-parisiennes-et-venitiennes-1485-1541","status":"publish","type":"product","link":"https:\/\/presses-universitaires.parisnanterre.fr\/index.php\/produit\/jules-cesar-a-la-conquete-des-editions-parisiennes-et-venitiennes-1485-1541\/","title":{"rendered":"Jules C\u00e9sar \u00e0 la conqu\u00eate des \u00e9ditions parisiennes et v\u00e9nitiennes (1485-1541)"},"content":{"rendered":"","protected":false},"excerpt":{"rendered":"<ul>\n<li>Louis-Gabriel Bonicoli<\/li>\n<li>Langue fran\u00e7aise<\/li>\n<li>258 pages<\/li>\n<li>ISBN : 978-2-84016-181-3<\/li>\n<li>Date de publication : 2014<\/li>\n<\/ul>\n","protected":false},"featured_media":1682,"comment_status":"closed","ping_status":"closed","template":"","meta":{"_kad_blocks_custom_css":"","_kad_blocks_head_custom_js":"","_kad_blocks_body_custom_js":"","_kad_blocks_footer_custom_js":"","_kadence_starter_templates_imported_post":false,"_kad_post_transparent":"default","_kad_post_title":"","_kad_post_layout":"default","_kad_post_sidebar_id":"","_kad_post_content_style":"default","_kad_post_vertical_padding":"default","_kad_post_feature":"","_kad_post_feature_position":"","_kad_post_header":false,"_kad_post_footer":false,"_kad_post_classname":""},"product_brand":[],"product_cat":[400,401,434,435],"product_tag":[521],"class_list":{"0":"post-1585","1":"product","2":"type-product","3":"status-publish","4":"has-post-thumbnail","6":"product_cat-histoire","7":"product_cat-humanites-classiques-disciplines","8":"product_cat-litterature","9":"product_cat-litterature-comparee","10":"product_tag-artguments","12":"first","13":"instock","14":"taxable","15":"shipping-taxable","16":"purchasable","17":"product-type-simple","18":"entry","19":"content-bg","20":"loop-entry"},"taxonomy_info":{"product_cat":[{"value":400,"label":"Histoire"},{"value":401,"label":"Humanit\u00e9s classiques"},{"value":434,"label":"Litt\u00e9rature"},{"value":435,"label":"Litt\u00e9rature compar\u00e9e"}],"product_tag":[{"value":521,"label":"ArTguments"}]},"featured_image_src_large":["https:\/\/presses-universitaires.parisnanterre.fr\/wp-content\/uploads\/2021\/10\/CouvCesarHD-832x1024.jpg",832,1024,true],"author_info":[],"comment_info":0,"_links":{"self":[{"href":"https:\/\/presses-universitaires.parisnanterre.fr\/index.php\/wp-json\/wp\/v2\/product\/1585","targetHints":{"allow":["GET"]}}],"collection":[{"href":"https:\/\/presses-universitaires.parisnanterre.fr\/index.php\/wp-json\/wp\/v2\/product"}],"about":[{"href":"https:\/\/presses-universitaires.parisnanterre.fr\/index.php\/wp-json\/wp\/v2\/types\/product"}],"replies":[{"embeddable":true,"href":"https:\/\/presses-universitaires.parisnanterre.fr\/index.php\/wp-json\/wp\/v2\/comments?post=1585"}],"wp:featuredmedia":[{"embeddable":true,"href":"https:\/\/presses-universitaires.parisnanterre.fr\/index.php\/wp-json\/wp\/v2\/media\/1682"}],"wp:attachment":[{"href":"https:\/\/presses-universitaires.parisnanterre.fr\/index.php\/wp-json\/wp\/v2\/media?parent=1585"}],"wp:term":[{"taxonomy":"product_brand","embeddable":true,"href":"https:\/\/presses-universitaires.parisnanterre.fr\/index.php\/wp-json\/wp\/v2\/product_brand?post=1585"},{"taxonomy":"product_cat","embeddable":true,"href":"https:\/\/presses-universitaires.parisnanterre.fr\/index.php\/wp-json\/wp\/v2\/product_cat?post=1585"},{"taxonomy":"product_tag","embeddable":true,"href":"https:\/\/presses-universitaires.parisnanterre.fr\/index.php\/wp-json\/wp\/v2\/product_tag?post=1585"}],"curies":[{"name":"wp","href":"https:\/\/api.w.org\/{rel}","templated":true}]}}