{"id":1572,"date":"2009-10-21T12:57:08","date_gmt":"2009-10-21T12:57:08","guid":{"rendered":"https:\/\/presses-universitaires.parisnanterre.fr\/?post_type=product&#038;p=1572"},"modified":"2025-01-09T16:01:25","modified_gmt":"2025-01-09T16:01:25","slug":"la-mer-dans-la-culture-italienne","status":"publish","type":"product","link":"https:\/\/presses-universitaires.parisnanterre.fr\/index.php\/produit\/la-mer-dans-la-culture-italienne\/","title":{"rendered":"La mer dans la culture italienne"},"content":{"rendered":"","protected":false},"excerpt":{"rendered":"<ul>\n<li>Textes r\u00e9unis par Claude Cazal\u00e9 B\u00e9rard, Susanna Gambino-Longo et Pierre Girard<\/li>\n<li>Langues : fran\u00e7ais, italien<\/li>\n<li>420 pages<\/li>\n<li>ISBN : 978-2-84016-046-5<\/li>\n<li>Date de publication : 2009<\/li>\n<\/ul>\n","protected":false},"featured_media":1573,"comment_status":"closed","ping_status":"closed","template":"","meta":{"_kad_blocks_custom_css":"","_kad_blocks_head_custom_js":"","_kad_blocks_body_custom_js":"","_kad_blocks_footer_custom_js":"","_kadence_starter_templates_imported_post":false,"_kad_post_transparent":"default","_kad_post_title":"","_kad_post_layout":"default","_kad_post_sidebar_id":"","_kad_post_content_style":"default","_kad_post_vertical_padding":"default","_kad_post_feature":"","_kad_post_feature_position":"","_kad_post_header":false,"_kad_post_footer":false,"_kad_post_classname":""},"product_brand":[],"product_cat":[396,397,428,429,431,438,403],"product_tag":[377],"class_list":{"0":"post-1572","1":"product","2":"type-product","3":"status-publish","4":"has-post-thumbnail","6":"product_cat-civilisations-et-cultures-etrangeres","7":"product_cat-croisements-disciplinaires","8":"product_cat-histoire-de-lart","9":"product_cat-histoire-des-idees","10":"product_cat-italie","11":"product_cat-litterature-jeunesse","12":"product_cat-litteratures","13":"product_tag-cahiers-ditalies","15":"first","16":"instock","17":"taxable","18":"shipping-taxable","19":"purchasable","20":"product-type-simple","21":"entry","22":"content-bg","23":"loop-entry"},"taxonomy_info":{"product_cat":[{"value":396,"label":"Civilisations et cultures \u00e9trang\u00e8res"},{"value":397,"label":"Croisements disciplinaires"},{"value":428,"label":"Histoire de l'art"},{"value":429,"label":"Histoire des id\u00e9es"},{"value":431,"label":"Italie"},{"value":438,"label":"Litt\u00e9rature jeunesse"},{"value":403,"label":"Litt\u00e9ratures"}],"product_tag":[{"value":377,"label":"Cahiers d'Italies"}]},"featured_image_src_large":["https:\/\/presses-universitaires.parisnanterre.fr\/wp-content\/uploads\/2021\/10\/CouvLaMer.jpg",420,607,false],"author_info":[],"comment_info":0,"_links":{"self":[{"href":"https:\/\/presses-universitaires.parisnanterre.fr\/index.php\/wp-json\/wp\/v2\/product\/1572","targetHints":{"allow":["GET"]}}],"collection":[{"href":"https:\/\/presses-universitaires.parisnanterre.fr\/index.php\/wp-json\/wp\/v2\/product"}],"about":[{"href":"https:\/\/presses-universitaires.parisnanterre.fr\/index.php\/wp-json\/wp\/v2\/types\/product"}],"replies":[{"embeddable":true,"href":"https:\/\/presses-universitaires.parisnanterre.fr\/index.php\/wp-json\/wp\/v2\/comments?post=1572"}],"wp:featuredmedia":[{"embeddable":true,"href":"https:\/\/presses-universitaires.parisnanterre.fr\/index.php\/wp-json\/wp\/v2\/media\/1573"}],"wp:attachment":[{"href":"https:\/\/presses-universitaires.parisnanterre.fr\/index.php\/wp-json\/wp\/v2\/media?parent=1572"}],"wp:term":[{"taxonomy":"product_brand","embeddable":true,"href":"https:\/\/presses-universitaires.parisnanterre.fr\/index.php\/wp-json\/wp\/v2\/product_brand?post=1572"},{"taxonomy":"product_cat","embeddable":true,"href":"https:\/\/presses-universitaires.parisnanterre.fr\/index.php\/wp-json\/wp\/v2\/product_cat?post=1572"},{"taxonomy":"product_tag","embeddable":true,"href":"https:\/\/presses-universitaires.parisnanterre.fr\/index.php\/wp-json\/wp\/v2\/product_tag?post=1572"}],"curies":[{"name":"wp","href":"https:\/\/api.w.org\/{rel}","templated":true}]}}