{"id":1566,"date":"2014-10-21T12:07:00","date_gmt":"2014-10-21T12:07:00","guid":{"rendered":"https:\/\/presses-universitaires.parisnanterre.fr\/?post_type=product&#038;p=1566"},"modified":"2021-10-21T12:07:39","modified_gmt":"2021-10-21T12:07:39","slug":"ecritures-n6-construire-la-paix-et-la-democratie-de-lunite-ditalie-a-la-constitution-de-la-republique-hier-et-aujourdhui","status":"publish","type":"product","link":"https:\/\/presses-universitaires.parisnanterre.fr\/index.php\/produit\/ecritures-n6-construire-la-paix-et-la-democratie-de-lunite-ditalie-a-la-constitution-de-la-republique-hier-et-aujourdhui\/","title":{"rendered":"\u00c9critures n\u00b06 Construire la paix et la d\u00e9mocratie. De l&rsquo;Unit\u00e9 d&rsquo;Italie \u00e0 la Constitution de la R\u00e9publique, hier et aujourd&rsquo;hui."},"content":{"rendered":"","protected":false},"excerpt":{"rendered":"<ul>\n<li>Caroline Savi (dir.)<\/li>\n<li>Langues : italien, fran\u00e7ais<\/li>\n<li>234 pages<\/li>\n<li>ISBN : 978-2-84016-177-6<\/li>\n<li>Date de publication : 2014<\/li>\n<\/ul>\n","protected":false},"featured_media":1567,"comment_status":"closed","ping_status":"closed","template":"","meta":{"_kad_blocks_custom_css":"","_kad_blocks_head_custom_js":"","_kad_blocks_body_custom_js":"","_kad_blocks_footer_custom_js":"","_kadence_starter_templates_imported_post":false,"_kad_post_transparent":"default","_kad_post_title":"","_kad_post_layout":"default","_kad_post_sidebar_id":"","_kad_post_content_style":"default","_kad_post_vertical_padding":"default","_kad_post_feature":"","_kad_post_feature_position":"","_kad_post_header":false,"_kad_post_footer":false,"_kad_post_classname":""},"product_brand":[],"product_cat":[396,397,431],"product_tag":[383],"class_list":{"0":"post-1566","1":"product","2":"type-product","3":"status-publish","4":"has-post-thumbnail","6":"product_cat-civilisations-et-cultures-etrangeres","7":"product_cat-croisements-disciplinaires","8":"product_cat-italie","9":"product_tag-ecritures","11":"first","12":"instock","13":"taxable","14":"shipping-taxable","15":"purchasable","16":"product-type-simple","17":"entry","18":"content-bg","19":"loop-entry"},"taxonomy_info":{"product_cat":[{"value":396,"label":"Civilisations et cultures \u00e9trang\u00e8res"},{"value":397,"label":"Croisements disciplinaires"},{"value":431,"label":"Italie"}],"product_tag":[{"value":383,"label":"\u00c9critures (revue)"}]},"featured_image_src_large":["https:\/\/presses-universitaires.parisnanterre.fr\/wp-content\/uploads\/2021\/10\/CouvEcritures6-701x1024.jpg",701,1024,true],"author_info":[],"comment_info":0,"_links":{"self":[{"href":"https:\/\/presses-universitaires.parisnanterre.fr\/index.php\/wp-json\/wp\/v2\/product\/1566","targetHints":{"allow":["GET"]}}],"collection":[{"href":"https:\/\/presses-universitaires.parisnanterre.fr\/index.php\/wp-json\/wp\/v2\/product"}],"about":[{"href":"https:\/\/presses-universitaires.parisnanterre.fr\/index.php\/wp-json\/wp\/v2\/types\/product"}],"replies":[{"embeddable":true,"href":"https:\/\/presses-universitaires.parisnanterre.fr\/index.php\/wp-json\/wp\/v2\/comments?post=1566"}],"wp:featuredmedia":[{"embeddable":true,"href":"https:\/\/presses-universitaires.parisnanterre.fr\/index.php\/wp-json\/wp\/v2\/media\/1567"}],"wp:attachment":[{"href":"https:\/\/presses-universitaires.parisnanterre.fr\/index.php\/wp-json\/wp\/v2\/media?parent=1566"}],"wp:term":[{"taxonomy":"product_brand","embeddable":true,"href":"https:\/\/presses-universitaires.parisnanterre.fr\/index.php\/wp-json\/wp\/v2\/product_brand?post=1566"},{"taxonomy":"product_cat","embeddable":true,"href":"https:\/\/presses-universitaires.parisnanterre.fr\/index.php\/wp-json\/wp\/v2\/product_cat?post=1566"},{"taxonomy":"product_tag","embeddable":true,"href":"https:\/\/presses-universitaires.parisnanterre.fr\/index.php\/wp-json\/wp\/v2\/product_tag?post=1566"}],"curies":[{"name":"wp","href":"https:\/\/api.w.org\/{rel}","templated":true}]}}