{"id":152,"date":"2015-02-23T15:28:39","date_gmt":"2015-02-23T15:28:39","guid":{"rendered":"https:\/\/presses-universitaires.parisnanterre.fr\/?post_type=product&#038;p=152"},"modified":"2021-06-13T15:50:27","modified_gmt":"2021-06-13T15:50:27","slug":"humanoides-experimentations-croisees-entre-arts-et-sciences","status":"publish","type":"product","link":"https:\/\/presses-universitaires.parisnanterre.fr\/index.php\/produit\/humanoides-experimentations-croisees-entre-arts-et-sciences\/","title":{"rendered":"Humano\u00efdes, Exp\u00e9rimentations crois\u00e9es entre arts et sciences"},"content":{"rendered":"","protected":false},"excerpt":{"rendered":"<ul>\n<li>Joffrey Becker<\/li>\n<li>Langue : Fran\u00e7ais<\/li>\n<li>210 Pages<\/li>\n<li>ISBN : 978-2-84016-202-5<\/li>\n<li>Date de publication : 2015<\/li>\n<\/ul>\n","protected":false},"featured_media":289,"comment_status":"closed","ping_status":"closed","template":"","meta":{"_kad_blocks_custom_css":"","_kad_blocks_head_custom_js":"","_kad_blocks_body_custom_js":"","_kad_blocks_footer_custom_js":"","_kadence_starter_templates_imported_post":false,"_kad_post_transparent":"default","_kad_post_title":"","_kad_post_layout":"default","_kad_post_sidebar_id":"","_kad_post_content_style":"default","_kad_post_vertical_padding":"default","_kad_post_feature":"","_kad_post_feature_position":"","_kad_post_header":false,"_kad_post_footer":false,"_kad_post_classname":""},"product_brand":[],"product_cat":[395,422,402,443,449],"product_tag":[389],"class_list":{"0":"post-152","1":"product","2":"type-product","3":"status-publish","4":"has-post-thumbnail","6":"product_cat-arts","7":"product_cat-esthetique","8":"product_cat-humanites-numeriques","9":"product_cat-philosophie-thematiques","10":"product_cat-sciences","11":"product_tag-frontieres-de-lhumain","13":"first","14":"instock","15":"taxable","16":"shipping-taxable","17":"purchasable","18":"product-type-simple","19":"entry","20":"content-bg","21":"loop-entry"},"taxonomy_info":{"product_cat":[{"value":395,"label":"Arts"},{"value":422,"label":"Esth\u00e9tique"},{"value":402,"label":"Humanit\u00e9s num\u00e9riques"},{"value":443,"label":"Philosophie"},{"value":449,"label":"Sciences"}],"product_tag":[{"value":389,"label":"Fronti\u00e8res de l\u2019humain"}]},"featured_image_src_large":["https:\/\/presses-universitaires.parisnanterre.fr\/wp-content\/uploads\/2021\/02\/CouvHumanoidesLight-2-723x1024.png",723,1024,true],"author_info":[],"comment_info":0,"_links":{"self":[{"href":"https:\/\/presses-universitaires.parisnanterre.fr\/index.php\/wp-json\/wp\/v2\/product\/152","targetHints":{"allow":["GET"]}}],"collection":[{"href":"https:\/\/presses-universitaires.parisnanterre.fr\/index.php\/wp-json\/wp\/v2\/product"}],"about":[{"href":"https:\/\/presses-universitaires.parisnanterre.fr\/index.php\/wp-json\/wp\/v2\/types\/product"}],"replies":[{"embeddable":true,"href":"https:\/\/presses-universitaires.parisnanterre.fr\/index.php\/wp-json\/wp\/v2\/comments?post=152"}],"wp:featuredmedia":[{"embeddable":true,"href":"https:\/\/presses-universitaires.parisnanterre.fr\/index.php\/wp-json\/wp\/v2\/media\/289"}],"wp:attachment":[{"href":"https:\/\/presses-universitaires.parisnanterre.fr\/index.php\/wp-json\/wp\/v2\/media?parent=152"}],"wp:term":[{"taxonomy":"product_brand","embeddable":true,"href":"https:\/\/presses-universitaires.parisnanterre.fr\/index.php\/wp-json\/wp\/v2\/product_brand?post=152"},{"taxonomy":"product_cat","embeddable":true,"href":"https:\/\/presses-universitaires.parisnanterre.fr\/index.php\/wp-json\/wp\/v2\/product_cat?post=152"},{"taxonomy":"product_tag","embeddable":true,"href":"https:\/\/presses-universitaires.parisnanterre.fr\/index.php\/wp-json\/wp\/v2\/product_tag?post=152"}],"curies":[{"name":"wp","href":"https:\/\/api.w.org\/{rel}","templated":true}]}}