{"id":1519,"date":"2017-10-20T12:01:57","date_gmt":"2017-10-20T12:01:57","guid":{"rendered":"https:\/\/presses-universitaires.parisnanterre.fr\/?post_type=product&#038;p=1519"},"modified":"2021-10-20T12:02:25","modified_gmt":"2021-10-20T12:02:25","slug":"in-the-country-of-lost-borders-new-critical-essays-on-my-antonia","status":"publish","type":"product","link":"https:\/\/presses-universitaires.parisnanterre.fr\/index.php\/produit\/in-the-country-of-lost-borders-new-critical-essays-on-my-antonia\/","title":{"rendered":"In the Country of Lost Borders : New Critical Essays on <em> My \u00c1ntonia <\/em>"},"content":{"rendered":"","protected":false},"excerpt":{"rendered":"<ul>\n<li>St\u00e9phanie Durrans (dir.)<\/li>\n<li>Langue : anglais<\/li>\n<li>192 pages<\/li>\n<li>ISBN : 978-2-84016-257-5<\/li>\n<li>Date de parution : 2017<\/li>\n<\/ul>\n","protected":false},"featured_media":1520,"comment_status":"closed","ping_status":"closed","template":"","meta":{"_kad_blocks_custom_css":"","_kad_blocks_head_custom_js":"","_kad_blocks_body_custom_js":"","_kad_blocks_footer_custom_js":"","_kadence_starter_templates_imported_post":false,"_kad_post_transparent":"default","_kad_post_title":"","_kad_post_layout":"default","_kad_post_sidebar_id":"","_kad_post_content_style":"default","_kad_post_vertical_padding":"default","_kad_post_feature":"","_kad_post_feature_position":"","_kad_post_header":false,"_kad_post_footer":false,"_kad_post_classname":""},"product_brand":[],"product_cat":[396,503,403,404],"product_tag":[474],"class_list":{"0":"post-1519","1":"product","2":"type-product","3":"status-publish","4":"has-post-thumbnail","6":"product_cat-civilisations-et-cultures-etrangeres","7":"product_cat-litterature-anglaise","8":"product_cat-litteratures","9":"product_cat-manuels-agregation","10":"product_tag-intercalaires-agregation-danglais","12":"first","13":"instock","14":"taxable","15":"shipping-taxable","16":"purchasable","17":"product-type-simple","18":"entry","19":"content-bg","20":"loop-entry"},"taxonomy_info":{"product_cat":[{"value":396,"label":"Civilisations et cultures \u00e9trang\u00e8res"},{"value":503,"label":"Litt\u00e9rature anglaise"},{"value":403,"label":"Litt\u00e9ratures"},{"value":404,"label":"Manuels \u2013 Agr\u00e9gation"}],"product_tag":[{"value":474,"label":"Intercalaires - Agr\u00e9gation d'anglais"}]},"featured_image_src_large":["https:\/\/presses-universitaires.parisnanterre.fr\/wp-content\/uploads\/2021\/10\/CouvAntonia-751x1024.jpg",751,1024,true],"author_info":[],"comment_info":0,"_links":{"self":[{"href":"https:\/\/presses-universitaires.parisnanterre.fr\/index.php\/wp-json\/wp\/v2\/product\/1519","targetHints":{"allow":["GET"]}}],"collection":[{"href":"https:\/\/presses-universitaires.parisnanterre.fr\/index.php\/wp-json\/wp\/v2\/product"}],"about":[{"href":"https:\/\/presses-universitaires.parisnanterre.fr\/index.php\/wp-json\/wp\/v2\/types\/product"}],"replies":[{"embeddable":true,"href":"https:\/\/presses-universitaires.parisnanterre.fr\/index.php\/wp-json\/wp\/v2\/comments?post=1519"}],"wp:featuredmedia":[{"embeddable":true,"href":"https:\/\/presses-universitaires.parisnanterre.fr\/index.php\/wp-json\/wp\/v2\/media\/1520"}],"wp:attachment":[{"href":"https:\/\/presses-universitaires.parisnanterre.fr\/index.php\/wp-json\/wp\/v2\/media?parent=1519"}],"wp:term":[{"taxonomy":"product_brand","embeddable":true,"href":"https:\/\/presses-universitaires.parisnanterre.fr\/index.php\/wp-json\/wp\/v2\/product_brand?post=1519"},{"taxonomy":"product_cat","embeddable":true,"href":"https:\/\/presses-universitaires.parisnanterre.fr\/index.php\/wp-json\/wp\/v2\/product_cat?post=1519"},{"taxonomy":"product_tag","embeddable":true,"href":"https:\/\/presses-universitaires.parisnanterre.fr\/index.php\/wp-json\/wp\/v2\/product_tag?post=1519"}],"curies":[{"name":"wp","href":"https:\/\/api.w.org\/{rel}","templated":true}]}}