{"id":1502,"date":"2018-10-19T10:41:28","date_gmt":"2018-10-19T10:41:28","guid":{"rendered":"https:\/\/presses-universitaires.parisnanterre.fr\/?post_type=product&#038;p=1502"},"modified":"2024-01-08T13:30:40","modified_gmt":"2024-01-08T13:30:40","slug":"les-terrains-de-la-memoire-approches-croisees-a-lechelle-locale","status":"publish","type":"product","link":"https:\/\/presses-universitaires.parisnanterre.fr\/index.php\/produit\/les-terrains-de-la-memoire-approches-croisees-a-lechelle-locale\/","title":{"rendered":"Les terrains de la m\u00e9moire. Approches crois\u00e9es \u00e0 l&rsquo;\u00e9chelle locale."},"content":{"rendered":"","protected":false},"excerpt":{"rendered":"<ul>\n<li>Mich\u00e8le Baussant, Marina Chauliac, Sarah Gensburger et Nancy Venel (dir.)<\/li>\n<li>Langue fran\u00e7aise<\/li>\n<li>190 pages<\/li>\n<li>ISBN : 978-2-84016-303-9<\/li>\n<li>Date de parution : 2018<\/li>\n<\/ul>\n","protected":false},"featured_media":1503,"comment_status":"closed","ping_status":"closed","template":"","meta":{"_kad_blocks_custom_css":"","_kad_blocks_head_custom_js":"","_kad_blocks_body_custom_js":"","_kad_blocks_footer_custom_js":"","_kadence_starter_templates_imported_post":false,"_kad_post_transparent":"default","_kad_post_title":"","_kad_post_layout":"default","_kad_post_sidebar_id":"","_kad_post_content_style":"default","_kad_post_vertical_padding":"default","_kad_post_feature":"","_kad_post_feature_position":"","_kad_post_header":false,"_kad_post_footer":false,"_kad_post_classname":""},"product_brand":[],"product_cat":[400,454,407],"product_tag":[478,506],"class_list":{"0":"post-1502","1":"product","2":"type-product","3":"status-publish","4":"has-post-thumbnail","6":"product_cat-histoire","7":"product_cat-sociologie","8":"product_cat-sociologie-sciences-sociales","9":"product_tag-les-passes-dans-le-present","10":"product_tag-les-passes-dans-le-present-travaux-recherches","12":"first","13":"instock","14":"taxable","15":"shipping-taxable","16":"purchasable","17":"product-type-simple","18":"entry","19":"content-bg","20":"loop-entry"},"taxonomy_info":{"product_cat":[{"value":400,"label":"Histoire"},{"value":454,"label":"Sociologie"},{"value":407,"label":"Sociologie, Sciences sociales"}],"product_tag":[{"value":478,"label":"Les pass\u00e9s dans le pr\u00e9sent"},{"value":506,"label":"Les pass\u00e9s dans le pr\u00e9sent \u2013 Travaux &amp; Recherches"}]},"featured_image_src_large":["https:\/\/presses-universitaires.parisnanterre.fr\/wp-content\/uploads\/2018\/10\/TerrainsMemoire_CV-642x1024.jpg",642,1024,true],"author_info":[],"comment_info":0,"_links":{"self":[{"href":"https:\/\/presses-universitaires.parisnanterre.fr\/index.php\/wp-json\/wp\/v2\/product\/1502","targetHints":{"allow":["GET"]}}],"collection":[{"href":"https:\/\/presses-universitaires.parisnanterre.fr\/index.php\/wp-json\/wp\/v2\/product"}],"about":[{"href":"https:\/\/presses-universitaires.parisnanterre.fr\/index.php\/wp-json\/wp\/v2\/types\/product"}],"replies":[{"embeddable":true,"href":"https:\/\/presses-universitaires.parisnanterre.fr\/index.php\/wp-json\/wp\/v2\/comments?post=1502"}],"wp:featuredmedia":[{"embeddable":true,"href":"https:\/\/presses-universitaires.parisnanterre.fr\/index.php\/wp-json\/wp\/v2\/media\/1503"}],"wp:attachment":[{"href":"https:\/\/presses-universitaires.parisnanterre.fr\/index.php\/wp-json\/wp\/v2\/media?parent=1502"}],"wp:term":[{"taxonomy":"product_brand","embeddable":true,"href":"https:\/\/presses-universitaires.parisnanterre.fr\/index.php\/wp-json\/wp\/v2\/product_brand?post=1502"},{"taxonomy":"product_cat","embeddable":true,"href":"https:\/\/presses-universitaires.parisnanterre.fr\/index.php\/wp-json\/wp\/v2\/product_cat?post=1502"},{"taxonomy":"product_tag","embeddable":true,"href":"https:\/\/presses-universitaires.parisnanterre.fr\/index.php\/wp-json\/wp\/v2\/product_tag?post=1502"}],"curies":[{"name":"wp","href":"https:\/\/api.w.org\/{rel}","templated":true}]}}