{"id":1483,"date":"2021-10-30T09:40:44","date_gmt":"2021-10-30T09:40:44","guid":{"rendered":"https:\/\/presses-universitaires.parisnanterre.fr\/?post_type=product&#038;p=1483"},"modified":"2021-12-08T09:02:40","modified_gmt":"2021-12-08T09:02:40","slug":"ecritures-n-12-la-museificazione-entre-ecriture-de-soi-et-litterature-contemporaine","status":"publish","type":"product","link":"https:\/\/presses-universitaires.parisnanterre.fr\/index.php\/produit\/ecritures-n-12-la-museificazione-entre-ecriture-de-soi-et-litterature-contemporaine\/","title":{"rendered":"\u00c9critures n\u00b0 12 <br> La \u00ab mus(e)ificazione \u00bb entre \u00e9criture de soi et litt\u00e9rature contemporaine"},"content":{"rendered":"","protected":false},"excerpt":{"rendered":"<ul>\n<li>Monica Battisti (dir.)<\/li>\n<li>Langues : fran\u00e7ais, italien<\/li>\n<li>304 pages<\/li>\n<li>ISBN : 978-2-84016-440-1<\/li>\n<li>Date de publication : 2021<\/li>\n<\/ul>\n","protected":false},"featured_media":1484,"comment_status":"closed","ping_status":"closed","template":"","meta":{"_kad_blocks_custom_css":"","_kad_blocks_head_custom_js":"","_kad_blocks_body_custom_js":"","_kad_blocks_footer_custom_js":"","_kadence_starter_templates_imported_post":false,"_kad_post_transparent":"default","_kad_post_title":"","_kad_post_layout":"default","_kad_post_sidebar_id":"","_kad_post_content_style":"default","_kad_post_vertical_padding":"default","_kad_post_feature":"","_kad_post_feature_position":"","_kad_post_header":false,"_kad_post_footer":false,"_kad_post_classname":""},"product_brand":[],"product_cat":[431,434,436,437,403],"product_tag":[383],"class_list":{"0":"post-1483","1":"product","2":"type-product","3":"status-publish","4":"has-post-thumbnail","6":"product_cat-italie","7":"product_cat-litterature","8":"product_cat-litterature-francaise","9":"product_cat-litterature-italienne","10":"product_cat-litteratures","11":"product_tag-ecritures","13":"first","14":"instock","15":"taxable","16":"shipping-taxable","17":"purchasable","18":"product-type-simple","19":"entry","20":"content-bg","21":"loop-entry"},"taxonomy_info":{"product_cat":[{"value":431,"label":"Italie"},{"value":434,"label":"Litt\u00e9rature"},{"value":436,"label":"Litt\u00e9rature fran\u00e7aise"},{"value":437,"label":"Litt\u00e9rature italienne"},{"value":403,"label":"Litt\u00e9ratures"}],"product_tag":[{"value":383,"label":"\u00c9critures (revue)"}]},"featured_image_src_large":["https:\/\/presses-universitaires.parisnanterre.fr\/wp-content\/uploads\/2021\/10\/Couv-Ecriture12_Vdef-707x1024.jpg",707,1024,true],"author_info":[],"comment_info":0,"_links":{"self":[{"href":"https:\/\/presses-universitaires.parisnanterre.fr\/index.php\/wp-json\/wp\/v2\/product\/1483","targetHints":{"allow":["GET"]}}],"collection":[{"href":"https:\/\/presses-universitaires.parisnanterre.fr\/index.php\/wp-json\/wp\/v2\/product"}],"about":[{"href":"https:\/\/presses-universitaires.parisnanterre.fr\/index.php\/wp-json\/wp\/v2\/types\/product"}],"replies":[{"embeddable":true,"href":"https:\/\/presses-universitaires.parisnanterre.fr\/index.php\/wp-json\/wp\/v2\/comments?post=1483"}],"wp:featuredmedia":[{"embeddable":true,"href":"https:\/\/presses-universitaires.parisnanterre.fr\/index.php\/wp-json\/wp\/v2\/media\/1484"}],"wp:attachment":[{"href":"https:\/\/presses-universitaires.parisnanterre.fr\/index.php\/wp-json\/wp\/v2\/media?parent=1483"}],"wp:term":[{"taxonomy":"product_brand","embeddable":true,"href":"https:\/\/presses-universitaires.parisnanterre.fr\/index.php\/wp-json\/wp\/v2\/product_brand?post=1483"},{"taxonomy":"product_cat","embeddable":true,"href":"https:\/\/presses-universitaires.parisnanterre.fr\/index.php\/wp-json\/wp\/v2\/product_cat?post=1483"},{"taxonomy":"product_tag","embeddable":true,"href":"https:\/\/presses-universitaires.parisnanterre.fr\/index.php\/wp-json\/wp\/v2\/product_tag?post=1483"}],"curies":[{"name":"wp","href":"https:\/\/api.w.org\/{rel}","templated":true}]}}