{"id":148,"date":"2016-02-23T16:01:13","date_gmt":"2016-02-23T16:01:13","guid":{"rendered":"https:\/\/presses-universitaires.parisnanterre.fr\/?post_type=product&#038;p=148"},"modified":"2025-11-03T09:24:49","modified_gmt":"2025-11-03T09:24:49","slug":"des-ceramiques-et-des-hommes-decoder-les-assemblages-archeologiques","status":"publish","type":"product","link":"https:\/\/presses-universitaires.parisnanterre.fr\/index.php\/produit\/des-ceramiques-et-des-hommes-decoder-les-assemblages-archeologiques\/","title":{"rendered":"Des c\u00e9ramiques et des hommes, D\u00e9coder les assemblages arch\u00e9ologiques"},"content":{"rendered":"","protected":false},"excerpt":{"rendered":"<ul>\n<li>Valentine Roux, en collaboration avec Agn\u00e8s Courty<\/li>\n<li>Langue fran\u00e7aise<\/li>\n<li>480 pages<\/li>\n<li>ISBN : 978-2-84016-239-1<\/li>\n<li>Date de publication : 2016<\/li>\n<\/ul>\n","protected":false},"featured_media":809,"comment_status":"closed","ping_status":"closed","template":"","meta":{"_kad_blocks_custom_css":"","_kad_blocks_head_custom_js":"","_kad_blocks_body_custom_js":"","_kad_blocks_footer_custom_js":"","_kadence_starter_templates_imported_post":false,"_kad_post_transparent":"default","_kad_post_title":"","_kad_post_layout":"default","_kad_post_sidebar_id":"","_kad_post_content_style":"default","_kad_post_vertical_padding":"default","_kad_post_feature":"","_kad_post_feature_position":"","_kad_post_header":false,"_kad_post_footer":false,"_kad_post_classname":""},"product_brand":[],"product_cat":[410,394,397,422,400,428,404],"product_tag":[483],"class_list":{"0":"post-148","1":"product","2":"type-product","3":"status-publish","4":"has-post-thumbnail","6":"product_cat-anthropologie","7":"product_cat-anthropologie-ethnologie","8":"product_cat-croisements-disciplinaires","9":"product_cat-esthetique","10":"product_cat-histoire","11":"product_cat-histoire-de-lart","12":"product_cat-manuels-agregation","13":"product_tag-manuels","15":"first","16":"instock","17":"taxable","18":"shipping-taxable","19":"purchasable","20":"product-type-simple","21":"entry","22":"content-bg","23":"loop-entry"},"taxonomy_info":{"product_cat":[{"value":410,"label":"Anthropologie"},{"value":394,"label":"Anthropologie, ethnologie"},{"value":397,"label":"Croisements disciplinaires"},{"value":422,"label":"Esth\u00e9tique"},{"value":400,"label":"Histoire"},{"value":428,"label":"Histoire de l'art"},{"value":404,"label":"Manuels \u2013 Agr\u00e9gation"}],"product_tag":[{"value":483,"label":"Manuels"}]},"featured_image_src_large":["https:\/\/presses-universitaires.parisnanterre.fr\/wp-content\/uploads\/2021\/02\/1couvce\u0301ramiques-756x1024.jpg",756,1024,true],"author_info":[],"comment_info":0,"_links":{"self":[{"href":"https:\/\/presses-universitaires.parisnanterre.fr\/index.php\/wp-json\/wp\/v2\/product\/148","targetHints":{"allow":["GET"]}}],"collection":[{"href":"https:\/\/presses-universitaires.parisnanterre.fr\/index.php\/wp-json\/wp\/v2\/product"}],"about":[{"href":"https:\/\/presses-universitaires.parisnanterre.fr\/index.php\/wp-json\/wp\/v2\/types\/product"}],"replies":[{"embeddable":true,"href":"https:\/\/presses-universitaires.parisnanterre.fr\/index.php\/wp-json\/wp\/v2\/comments?post=148"}],"wp:featuredmedia":[{"embeddable":true,"href":"https:\/\/presses-universitaires.parisnanterre.fr\/index.php\/wp-json\/wp\/v2\/media\/809"}],"wp:attachment":[{"href":"https:\/\/presses-universitaires.parisnanterre.fr\/index.php\/wp-json\/wp\/v2\/media?parent=148"}],"wp:term":[{"taxonomy":"product_brand","embeddable":true,"href":"https:\/\/presses-universitaires.parisnanterre.fr\/index.php\/wp-json\/wp\/v2\/product_brand?post=148"},{"taxonomy":"product_cat","embeddable":true,"href":"https:\/\/presses-universitaires.parisnanterre.fr\/index.php\/wp-json\/wp\/v2\/product_cat?post=148"},{"taxonomy":"product_tag","embeddable":true,"href":"https:\/\/presses-universitaires.parisnanterre.fr\/index.php\/wp-json\/wp\/v2\/product_tag?post=148"}],"curies":[{"name":"wp","href":"https:\/\/api.w.org\/{rel}","templated":true}]}}