{"id":1454,"date":"2021-11-14T10:05:29","date_gmt":"2021-11-14T10:05:29","guid":{"rendered":"https:\/\/presses-universitaires.parisnanterre.fr\/?post_type=product&#038;p=1454"},"modified":"2024-12-11T15:01:49","modified_gmt":"2024-12-11T15:01:49","slug":"la-folie-et-la-chose-litteraire","status":"publish","type":"product","link":"https:\/\/presses-universitaires.parisnanterre.fr\/index.php\/produit\/la-folie-et-la-chose-litteraire\/","title":{"rendered":"La folie et la chose litt\u00e9raire"},"content":{"rendered":"","protected":false},"excerpt":{"rendered":"<ul>\n<li>Shoshana Felman<\/li>\n<li>Avant-propos de Marc Goldschmit<\/li>\n<li>Langue fran\u00e7aise<\/li>\n<li>378 pages<\/li>\n<li>ISBN\u2009: 978-2-84016-439-5<\/li>\n<li>Date de parution : 2021<\/li>\n<\/ul>\n","protected":false},"featured_media":1456,"comment_status":"closed","ping_status":"closed","template":"","meta":{"_kad_blocks_custom_css":"","_kad_blocks_head_custom_js":"","_kad_blocks_body_custom_js":"","_kad_blocks_footer_custom_js":"","_kadence_starter_templates_imported_post":false,"_kad_post_transparent":"default","_kad_post_title":"","_kad_post_layout":"default","_kad_post_sidebar_id":"","_kad_post_content_style":"default","_kad_post_vertical_padding":"default","_kad_post_feature":"","_kad_post_feature_position":"","_kad_post_header":false,"_kad_post_footer":false,"_kad_post_classname":""},"product_brand":[],"product_cat":[397,434,503,435,436,403,405,447,406],"product_tag":[380,518],"class_list":{"0":"post-1454","1":"product","2":"type-product","3":"status-publish","4":"has-post-thumbnail","6":"product_cat-croisements-disciplinaires","7":"product_cat-litterature","8":"product_cat-litterature-anglaise","9":"product_cat-litterature-comparee","10":"product_cat-litterature-francaise","11":"product_cat-litteratures","12":"product_cat-philosophie","13":"product_cat-psychanalyse","14":"product_cat-psychologie-psychanalyse","15":"product_tag-college-international-de-philosophie","16":"product_tag-college-international-de-philosophie-archive","18":"first","19":"instock","20":"taxable","21":"shipping-taxable","22":"purchasable","23":"product-type-simple","24":"entry","25":"content-bg","26":"loop-entry"},"taxonomy_info":{"product_cat":[{"value":397,"label":"Croisements disciplinaires"},{"value":434,"label":"Litt\u00e9rature"},{"value":503,"label":"Litt\u00e9rature anglaise"},{"value":435,"label":"Litt\u00e9rature compar\u00e9e"},{"value":436,"label":"Litt\u00e9rature fran\u00e7aise"},{"value":403,"label":"Litt\u00e9ratures"},{"value":405,"label":"Philosophie"},{"value":447,"label":"Psychanalyse"},{"value":406,"label":"Psychologie, psychanalyse"}],"product_tag":[{"value":380,"label":"Coll\u00e8ge international de philosophie"},{"value":518,"label":"Coll\u00e8ge international de philosophie - Archive"}]},"featured_image_src_large":["https:\/\/presses-universitaires.parisnanterre.fr\/wp-content\/uploads\/2021\/10\/CIPH_Foliecouv-759x1024.jpg",759,1024,true],"author_info":[],"comment_info":0,"_links":{"self":[{"href":"https:\/\/presses-universitaires.parisnanterre.fr\/index.php\/wp-json\/wp\/v2\/product\/1454","targetHints":{"allow":["GET"]}}],"collection":[{"href":"https:\/\/presses-universitaires.parisnanterre.fr\/index.php\/wp-json\/wp\/v2\/product"}],"about":[{"href":"https:\/\/presses-universitaires.parisnanterre.fr\/index.php\/wp-json\/wp\/v2\/types\/product"}],"replies":[{"embeddable":true,"href":"https:\/\/presses-universitaires.parisnanterre.fr\/index.php\/wp-json\/wp\/v2\/comments?post=1454"}],"wp:featuredmedia":[{"embeddable":true,"href":"https:\/\/presses-universitaires.parisnanterre.fr\/index.php\/wp-json\/wp\/v2\/media\/1456"}],"wp:attachment":[{"href":"https:\/\/presses-universitaires.parisnanterre.fr\/index.php\/wp-json\/wp\/v2\/media?parent=1454"}],"wp:term":[{"taxonomy":"product_brand","embeddable":true,"href":"https:\/\/presses-universitaires.parisnanterre.fr\/index.php\/wp-json\/wp\/v2\/product_brand?post=1454"},{"taxonomy":"product_cat","embeddable":true,"href":"https:\/\/presses-universitaires.parisnanterre.fr\/index.php\/wp-json\/wp\/v2\/product_cat?post=1454"},{"taxonomy":"product_tag","embeddable":true,"href":"https:\/\/presses-universitaires.parisnanterre.fr\/index.php\/wp-json\/wp\/v2\/product_tag?post=1454"}],"curies":[{"name":"wp","href":"https:\/\/api.w.org\/{rel}","templated":true}]}}