{"id":144,"date":"2018-02-23T14:53:43","date_gmt":"2018-02-23T14:53:43","guid":{"rendered":"https:\/\/presses-universitaires.parisnanterre.fr\/?post_type=product&#038;p=144"},"modified":"2025-05-14T10:26:52","modified_gmt":"2025-05-14T10:26:52","slug":"ecritures-n-10-traduire-hors-lignes","status":"publish","type":"product","link":"https:\/\/presses-universitaires.parisnanterre.fr\/index.php\/produit\/ecritures-n-10-traduire-hors-lignes\/","title":{"rendered":"Ecritures n\u00b0 10 \u2013 Traduire hors lignes"},"content":{"rendered":"","protected":false},"excerpt":{"rendered":"<ul>\n<li>Directeurs \u00e9ditoriaux Lucia Quaquarelli, Adrien Frenay, Licia Reggiani<\/li>\n<li>Langue : Fran\u00e7aise<\/li>\n<li>236 Pages<\/li>\n<li>ISBN : 978-2-84016-292-6<\/li>\n<li>Date de publication : 2018<\/li>\n<\/ul>\n","protected":false},"featured_media":308,"comment_status":"closed","ping_status":"closed","template":"","meta":{"_kad_blocks_custom_css":"","_kad_blocks_head_custom_js":"","_kad_blocks_body_custom_js":"","_kad_blocks_footer_custom_js":"","_kadence_starter_templates_imported_post":false,"_kad_post_transparent":"default","_kad_post_title":"","_kad_post_layout":"default","_kad_post_sidebar_id":"","_kad_post_content_style":"default","_kad_post_vertical_padding":"default","_kad_post_feature":"","_kad_post_feature_position":"","_kad_post_header":false,"_kad_post_footer":false,"_kad_post_classname":""},"product_brand":[],"product_cat":[396,400,431,403,445],"product_tag":[383],"class_list":{"0":"post-144","1":"product","2":"type-product","3":"status-publish","4":"has-post-thumbnail","6":"product_cat-civilisations-et-cultures-etrangeres","7":"product_cat-histoire","8":"product_cat-italie","9":"product_cat-litteratures","10":"product_cat-politique","11":"product_tag-ecritures","13":"first","14":"instock","15":"taxable","16":"shipping-taxable","17":"purchasable","18":"product-type-simple","19":"entry","20":"content-bg","21":"loop-entry"},"taxonomy_info":{"product_cat":[{"value":396,"label":"Civilisations et cultures \u00e9trang\u00e8res"},{"value":400,"label":"Histoire"},{"value":431,"label":"Italie"},{"value":403,"label":"Litt\u00e9ratures"},{"value":445,"label":"Politique"}],"product_tag":[{"value":383,"label":"\u00c9critures (revue)"}]},"featured_image_src_large":["https:\/\/presses-universitaires.parisnanterre.fr\/wp-content\/uploads\/2021\/02\/CouvEcriture10-690x1024.png",690,1024,true],"author_info":[],"comment_info":0,"_links":{"self":[{"href":"https:\/\/presses-universitaires.parisnanterre.fr\/index.php\/wp-json\/wp\/v2\/product\/144","targetHints":{"allow":["GET"]}}],"collection":[{"href":"https:\/\/presses-universitaires.parisnanterre.fr\/index.php\/wp-json\/wp\/v2\/product"}],"about":[{"href":"https:\/\/presses-universitaires.parisnanterre.fr\/index.php\/wp-json\/wp\/v2\/types\/product"}],"replies":[{"embeddable":true,"href":"https:\/\/presses-universitaires.parisnanterre.fr\/index.php\/wp-json\/wp\/v2\/comments?post=144"}],"wp:featuredmedia":[{"embeddable":true,"href":"https:\/\/presses-universitaires.parisnanterre.fr\/index.php\/wp-json\/wp\/v2\/media\/308"}],"wp:attachment":[{"href":"https:\/\/presses-universitaires.parisnanterre.fr\/index.php\/wp-json\/wp\/v2\/media?parent=144"}],"wp:term":[{"taxonomy":"product_brand","embeddable":true,"href":"https:\/\/presses-universitaires.parisnanterre.fr\/index.php\/wp-json\/wp\/v2\/product_brand?post=144"},{"taxonomy":"product_cat","embeddable":true,"href":"https:\/\/presses-universitaires.parisnanterre.fr\/index.php\/wp-json\/wp\/v2\/product_cat?post=144"},{"taxonomy":"product_tag","embeddable":true,"href":"https:\/\/presses-universitaires.parisnanterre.fr\/index.php\/wp-json\/wp\/v2\/product_tag?post=144"}],"curies":[{"name":"wp","href":"https:\/\/api.w.org\/{rel}","templated":true}]}}