{"id":142,"date":"2020-02-23T14:47:38","date_gmt":"2020-02-23T14:47:38","guid":{"rendered":"https:\/\/presses-universitaires.parisnanterre.fr\/?post_type=product&#038;p=142"},"modified":"2024-06-27T08:21:13","modified_gmt":"2024-06-27T08:21:13","slug":"ecologie-politique-de-la-peche-temporalites-crises-resistances-et-resiliences-dans-le-monde-de-la-peche","status":"publish","type":"product","link":"https:\/\/presses-universitaires.parisnanterre.fr\/index.php\/produit\/ecologie-politique-de-la-peche-temporalites-crises-resistances-et-resiliences-dans-le-monde-de-la-peche\/","title":{"rendered":"\u00c9cologie politique de la p\u00eache. Temporalit\u00e9s, crises, r\u00e9sistances et r\u00e9siliences dans le monde de la p\u00eache"},"content":{"rendered":"","protected":false},"excerpt":{"rendered":"<ul>\n<li>Coordination \u00e9ditoriale de K\u00e9vin de la Croix, V\u00e9ronica Mitroi<\/li>\n<li>Langue : Fran\u00e7aise<\/li>\n<li>264 Pages<\/li>\n<li>ISBN : 978-2-84016-286-5<\/li>\n<li>Date de publication : 2020<\/li>\n<\/ul>\n","protected":false},"featured_media":310,"comment_status":"closed","ping_status":"closed","template":"","meta":{"_kad_blocks_custom_css":"","_kad_blocks_head_custom_js":"","_kad_blocks_body_custom_js":"","_kad_blocks_footer_custom_js":"","_kadence_starter_templates_imported_post":false,"_kad_post_transparent":"default","_kad_post_title":"","_kad_post_layout":"default","_kad_post_sidebar_id":"","_kad_post_content_style":"default","_kad_post_vertical_padding":"default","_kad_post_feature":"","_kad_post_feature_position":"","_kad_post_header":false,"_kad_post_footer":false,"_kad_post_classname":""},"product_brand":[],"product_cat":[418,399,445],"product_tag":[469],"class_list":{"0":"post-142","1":"product","2":"type-product","3":"status-publish","4":"has-post-thumbnail","6":"product_cat-environnement","7":"product_cat-geographie","8":"product_cat-politique","9":"product_tag-hors-collection","11":"first","12":"instock","13":"taxable","14":"shipping-taxable","15":"purchasable","16":"product-type-simple","17":"entry","18":"content-bg","19":"loop-entry"},"taxonomy_info":{"product_cat":[{"value":418,"label":"Environnement"},{"value":399,"label":"G\u00e9ographie"},{"value":445,"label":"Politique"}],"product_tag":[{"value":469,"label":"Hors collection"}]},"featured_image_src_large":["https:\/\/presses-universitaires.parisnanterre.fr\/wp-content\/uploads\/2021\/02\/Couv_pe\u0302cheVde\u0301f-755x1024.png",755,1024,true],"author_info":[],"comment_info":0,"_links":{"self":[{"href":"https:\/\/presses-universitaires.parisnanterre.fr\/index.php\/wp-json\/wp\/v2\/product\/142","targetHints":{"allow":["GET"]}}],"collection":[{"href":"https:\/\/presses-universitaires.parisnanterre.fr\/index.php\/wp-json\/wp\/v2\/product"}],"about":[{"href":"https:\/\/presses-universitaires.parisnanterre.fr\/index.php\/wp-json\/wp\/v2\/types\/product"}],"replies":[{"embeddable":true,"href":"https:\/\/presses-universitaires.parisnanterre.fr\/index.php\/wp-json\/wp\/v2\/comments?post=142"}],"wp:featuredmedia":[{"embeddable":true,"href":"https:\/\/presses-universitaires.parisnanterre.fr\/index.php\/wp-json\/wp\/v2\/media\/310"}],"wp:attachment":[{"href":"https:\/\/presses-universitaires.parisnanterre.fr\/index.php\/wp-json\/wp\/v2\/media?parent=142"}],"wp:term":[{"taxonomy":"product_brand","embeddable":true,"href":"https:\/\/presses-universitaires.parisnanterre.fr\/index.php\/wp-json\/wp\/v2\/product_brand?post=142"},{"taxonomy":"product_cat","embeddable":true,"href":"https:\/\/presses-universitaires.parisnanterre.fr\/index.php\/wp-json\/wp\/v2\/product_cat?post=142"},{"taxonomy":"product_tag","embeddable":true,"href":"https:\/\/presses-universitaires.parisnanterre.fr\/index.php\/wp-json\/wp\/v2\/product_tag?post=142"}],"curies":[{"name":"wp","href":"https:\/\/api.w.org\/{rel}","templated":true}]}}