{"id":1407,"date":"2021-10-14T06:30:40","date_gmt":"2021-10-14T06:30:40","guid":{"rendered":"https:\/\/presses-universitaires.parisnanterre.fr\/?post_type=product&#038;p=1407"},"modified":"2023-09-09T22:39:23","modified_gmt":"2023-09-09T22:39:23","slug":"temoignages-sur-la-naissance-dune-science-les-developpements-de-lethologie-en-france-1956-1990","status":"publish","type":"product","link":"https:\/\/presses-universitaires.parisnanterre.fr\/index.php\/produit\/temoignages-sur-la-naissance-dune-science-les-developpements-de-lethologie-en-france-1956-1990\/","title":{"rendered":"T\u00e9moignages sur la naissance d&rsquo;une science. Les d\u00e9veloppements de l&rsquo;\u00e9thologie en France (1956-1990)"},"content":{"rendered":"","protected":false},"excerpt":{"rendered":"<ul>\n<li>Bernard Thierry et Michel Kreutzer (dir.)<\/li>\n<li>Langue fran\u00e7aise<\/li>\n<li>432 pages<\/li>\n<li>ISBN : 978-2-84016-477-7<\/li>\n<li>Date de publication : 2021<\/li>\n<\/ul>\n","protected":false},"featured_media":1409,"comment_status":"closed","ping_status":"closed","template":"","meta":{"_kad_blocks_custom_css":"","_kad_blocks_head_custom_js":"","_kad_blocks_body_custom_js":"","_kad_blocks_footer_custom_js":"","_kadence_starter_templates_imported_post":false,"_kad_post_transparent":"default","_kad_post_title":"","_kad_post_layout":"default","_kad_post_sidebar_id":"","_kad_post_content_style":"default","_kad_post_vertical_padding":"default","_kad_post_feature":"","_kad_post_feature_position":"","_kad_post_header":false,"_kad_post_footer":false,"_kad_post_classname":""},"product_brand":[],"product_cat":[409,516,449],"product_tag":[389],"class_list":{"0":"post-1407","1":"product","2":"type-product","3":"status-publish","4":"has-post-thumbnail","6":"product_cat-animal-thematiques","7":"product_cat-ethologie-thematiques","8":"product_cat-sciences","9":"product_tag-frontieres-de-lhumain","11":"first","12":"instock","13":"taxable","14":"shipping-taxable","15":"purchasable","16":"product-type-simple","17":"entry","18":"content-bg","19":"loop-entry"},"taxonomy_info":{"product_cat":[{"value":409,"label":"Animal"},{"value":516,"label":"\u00c9thologie"},{"value":449,"label":"Sciences"}],"product_tag":[{"value":389,"label":"Fronti\u00e8res de l\u2019humain"}]},"featured_image_src_large":["https:\/\/presses-universitaires.parisnanterre.fr\/wp-content\/uploads\/2021\/09\/couv_ethologie_diff-740x1024.jpg",740,1024,true],"author_info":[],"comment_info":0,"_links":{"self":[{"href":"https:\/\/presses-universitaires.parisnanterre.fr\/index.php\/wp-json\/wp\/v2\/product\/1407","targetHints":{"allow":["GET"]}}],"collection":[{"href":"https:\/\/presses-universitaires.parisnanterre.fr\/index.php\/wp-json\/wp\/v2\/product"}],"about":[{"href":"https:\/\/presses-universitaires.parisnanterre.fr\/index.php\/wp-json\/wp\/v2\/types\/product"}],"replies":[{"embeddable":true,"href":"https:\/\/presses-universitaires.parisnanterre.fr\/index.php\/wp-json\/wp\/v2\/comments?post=1407"}],"wp:featuredmedia":[{"embeddable":true,"href":"https:\/\/presses-universitaires.parisnanterre.fr\/index.php\/wp-json\/wp\/v2\/media\/1409"}],"wp:attachment":[{"href":"https:\/\/presses-universitaires.parisnanterre.fr\/index.php\/wp-json\/wp\/v2\/media?parent=1407"}],"wp:term":[{"taxonomy":"product_brand","embeddable":true,"href":"https:\/\/presses-universitaires.parisnanterre.fr\/index.php\/wp-json\/wp\/v2\/product_brand?post=1407"},{"taxonomy":"product_cat","embeddable":true,"href":"https:\/\/presses-universitaires.parisnanterre.fr\/index.php\/wp-json\/wp\/v2\/product_cat?post=1407"},{"taxonomy":"product_tag","embeddable":true,"href":"https:\/\/presses-universitaires.parisnanterre.fr\/index.php\/wp-json\/wp\/v2\/product_tag?post=1407"}],"curies":[{"name":"wp","href":"https:\/\/api.w.org\/{rel}","templated":true}]}}