{"id":137,"date":"2016-02-23T14:12:03","date_gmt":"2016-02-23T14:12:03","guid":{"rendered":"https:\/\/presses-universitaires.parisnanterre.fr\/?post_type=product&#038;p=137"},"modified":"2025-01-10T14:32:04","modified_gmt":"2025-01-10T14:32:04","slug":"heriter-1962-harkis-et-immigres-algeriens-a-lepreuve-des-appartenances-nationales","status":"publish","type":"product","link":"https:\/\/presses-universitaires.parisnanterre.fr\/index.php\/produit\/heriter-1962-harkis-et-immigres-algeriens-a-lepreuve-des-appartenances-nationales\/","title":{"rendered":"H\u00e9riter 1962. Harkis et immigr\u00e9s alg\u00e9riens \u00e0 l&rsquo;\u00e9preuve des appartenances nationales"},"content":{"rendered":"","protected":false},"excerpt":{"rendered":"<ul>\n<li>Giulia Fabbiano<\/li>\n<li>Langue fran\u00e7aise<\/li>\n<li>266 pages<\/li>\n<li>Isbn: 978-2-84016-244-5<\/li>\n<li>Date de publication : 2016<\/li>\n<\/ul>\n","protected":false},"featured_media":812,"comment_status":"closed","ping_status":"closed","template":"","meta":{"_kad_blocks_custom_css":"","_kad_blocks_head_custom_js":"","_kad_blocks_body_custom_js":"","_kad_blocks_footer_custom_js":"","_kadence_starter_templates_imported_post":false,"_kad_post_transparent":"default","_kad_post_title":"","_kad_post_layout":"default","_kad_post_sidebar_id":"","_kad_post_content_style":"default","_kad_post_vertical_padding":"default","_kad_post_feature":"","_kad_post_feature_position":"","_kad_post_header":false,"_kad_post_footer":false,"_kad_post_classname":""},"product_brand":[],"product_cat":[394,415,397,400,450],"product_tag":[492],"class_list":{"0":"post-137","1":"product","2":"type-product","3":"status-publish","4":"has-post-thumbnail","6":"product_cat-anthropologie-ethnologie","7":"product_cat-colonisation","8":"product_cat-croisements-disciplinaires","9":"product_cat-histoire","10":"product_cat-sciences-juridiques-et-politiques-thematiques","11":"product_tag-societes-humaines-dans-lhistoire","13":"first","14":"instock","15":"taxable","16":"shipping-taxable","17":"purchasable","18":"product-type-simple","19":"entry","20":"content-bg","21":"loop-entry"},"taxonomy_info":{"product_cat":[{"value":394,"label":"Anthropologie, ethnologie"},{"value":415,"label":"Colonisation"},{"value":397,"label":"Croisements disciplinaires"},{"value":400,"label":"Histoire"},{"value":450,"label":"Sciences juridiques et politiques"}],"product_tag":[{"value":492,"label":"Soci\u00e9t\u00e9s humaines dans l'histoire"}]},"featured_image_src_large":["https:\/\/presses-universitaires.parisnanterre.fr\/wp-content\/uploads\/2021\/02\/1CouvHe\u0301riter1962-633x1024.jpg",633,1024,true],"author_info":[],"comment_info":0,"_links":{"self":[{"href":"https:\/\/presses-universitaires.parisnanterre.fr\/index.php\/wp-json\/wp\/v2\/product\/137","targetHints":{"allow":["GET"]}}],"collection":[{"href":"https:\/\/presses-universitaires.parisnanterre.fr\/index.php\/wp-json\/wp\/v2\/product"}],"about":[{"href":"https:\/\/presses-universitaires.parisnanterre.fr\/index.php\/wp-json\/wp\/v2\/types\/product"}],"replies":[{"embeddable":true,"href":"https:\/\/presses-universitaires.parisnanterre.fr\/index.php\/wp-json\/wp\/v2\/comments?post=137"}],"wp:featuredmedia":[{"embeddable":true,"href":"https:\/\/presses-universitaires.parisnanterre.fr\/index.php\/wp-json\/wp\/v2\/media\/812"}],"wp:attachment":[{"href":"https:\/\/presses-universitaires.parisnanterre.fr\/index.php\/wp-json\/wp\/v2\/media?parent=137"}],"wp:term":[{"taxonomy":"product_brand","embeddable":true,"href":"https:\/\/presses-universitaires.parisnanterre.fr\/index.php\/wp-json\/wp\/v2\/product_brand?post=137"},{"taxonomy":"product_cat","embeddable":true,"href":"https:\/\/presses-universitaires.parisnanterre.fr\/index.php\/wp-json\/wp\/v2\/product_cat?post=137"},{"taxonomy":"product_tag","embeddable":true,"href":"https:\/\/presses-universitaires.parisnanterre.fr\/index.php\/wp-json\/wp\/v2\/product_tag?post=137"}],"curies":[{"name":"wp","href":"https:\/\/api.w.org\/{rel}","templated":true}]}}