{"id":1351,"date":"2021-09-09T06:00:55","date_gmt":"2021-09-09T06:00:55","guid":{"rendered":"https:\/\/presses-universitaires.parisnanterre.fr\/?post_type=product&#038;p=1351"},"modified":"2025-10-08T13:30:35","modified_gmt":"2025-10-08T13:30:35","slug":"litterales-n48-enjeux-didactiques-et-pedagogiques-des-formes-dialoguees-xve-xviiie","status":"publish","type":"product","link":"https:\/\/presses-universitaires.parisnanterre.fr\/index.php\/produit\/litterales-n48-enjeux-didactiques-et-pedagogiques-des-formes-dialoguees-xve-xviiie\/","title":{"rendered":"Litt\u00e9rales n\u00b0 48 &#8211; Enjeux didactiques et p\u00e9dagogiques des formes dialogu\u00e9es (XV<sup>e<\/sup>-XVIII<sup>e<\/sup>)"},"content":{"rendered":"","protected":false},"excerpt":{"rendered":"<ul>\n<li>Florence Tanniou (dir.)<\/li>\n<li>Langue fran\u00e7aise<\/li>\n<li>ISBN :\u00a0978-2-84016-438-8<\/li>\n<li>176 pages<\/li>\n<li>Date de parution : septembre 2021<\/li>\n<\/ul>\n","protected":false},"featured_media":1352,"comment_status":"closed","ping_status":"closed","template":"","meta":{"_kad_blocks_custom_css":"","_kad_blocks_head_custom_js":"","_kad_blocks_body_custom_js":"","_kad_blocks_footer_custom_js":"","_kadence_starter_templates_imported_post":false,"_kad_post_transparent":"default","_kad_post_title":"","_kad_post_layout":"default","_kad_post_sidebar_id":"","_kad_post_content_style":"default","_kad_post_vertical_padding":"default","_kad_post_feature":"","_kad_post_feature_position":"","_kad_post_header":false,"_kad_post_footer":false,"_kad_post_classname":""},"product_brand":[],"product_cat":[434,436,403,462],"product_tag":[480],"class_list":{"0":"post-1351","1":"product","2":"type-product","3":"status-publish","4":"has-post-thumbnail","6":"product_cat-litterature","7":"product_cat-litterature-francaise","8":"product_cat-litteratures","9":"product_cat-xviiie-siecle","10":"product_tag-litterales","12":"first","13":"instock","14":"taxable","15":"shipping-taxable","16":"purchasable","17":"product-type-simple","18":"entry","19":"content-bg","20":"loop-entry"},"taxonomy_info":{"product_cat":[{"value":434,"label":"Litt\u00e9rature"},{"value":436,"label":"Litt\u00e9rature fran\u00e7aise"},{"value":403,"label":"Litt\u00e9ratures"},{"value":462,"label":"XVIIIe si\u00e8cle"}],"product_tag":[{"value":480,"label":"Litt\u00e9rales (revue)"}]},"featured_image_src_large":["https:\/\/presses-universitaires.parisnanterre.fr\/wp-content\/uploads\/2021\/07\/Couv_litterales_48vdef-731x1024.jpg",731,1024,true],"author_info":[],"comment_info":0,"_links":{"self":[{"href":"https:\/\/presses-universitaires.parisnanterre.fr\/index.php\/wp-json\/wp\/v2\/product\/1351","targetHints":{"allow":["GET"]}}],"collection":[{"href":"https:\/\/presses-universitaires.parisnanterre.fr\/index.php\/wp-json\/wp\/v2\/product"}],"about":[{"href":"https:\/\/presses-universitaires.parisnanterre.fr\/index.php\/wp-json\/wp\/v2\/types\/product"}],"replies":[{"embeddable":true,"href":"https:\/\/presses-universitaires.parisnanterre.fr\/index.php\/wp-json\/wp\/v2\/comments?post=1351"}],"wp:featuredmedia":[{"embeddable":true,"href":"https:\/\/presses-universitaires.parisnanterre.fr\/index.php\/wp-json\/wp\/v2\/media\/1352"}],"wp:attachment":[{"href":"https:\/\/presses-universitaires.parisnanterre.fr\/index.php\/wp-json\/wp\/v2\/media?parent=1351"}],"wp:term":[{"taxonomy":"product_brand","embeddable":true,"href":"https:\/\/presses-universitaires.parisnanterre.fr\/index.php\/wp-json\/wp\/v2\/product_brand?post=1351"},{"taxonomy":"product_cat","embeddable":true,"href":"https:\/\/presses-universitaires.parisnanterre.fr\/index.php\/wp-json\/wp\/v2\/product_cat?post=1351"},{"taxonomy":"product_tag","embeddable":true,"href":"https:\/\/presses-universitaires.parisnanterre.fr\/index.php\/wp-json\/wp\/v2\/product_tag?post=1351"}],"curies":[{"name":"wp","href":"https:\/\/api.w.org\/{rel}","templated":true}]}}