{"id":1335,"date":"2021-09-09T06:00:45","date_gmt":"2021-09-09T06:00:45","guid":{"rendered":"https:\/\/presses-universitaires.parisnanterre.fr\/?post_type=product&#038;p=1335"},"modified":"2025-07-17T12:38:38","modified_gmt":"2025-07-17T12:38:38","slug":"voir-revoir-revenir-sur-les-traces-definir-le-present-la-peninsule-iberique-apres-les-dictatures","status":"publish","type":"product","link":"https:\/\/presses-universitaires.parisnanterre.fr\/index.php\/produit\/voir-revoir-revenir-sur-les-traces-definir-le-present-la-peninsule-iberique-apres-les-dictatures\/","title":{"rendered":"VOIR \/ REVOIR, Revenir sur les traces, d\u00e9finir le pr\u00e9sent : la p\u00e9ninsule Ib\u00e9rique apr\u00e8s les dictatures"},"content":{"rendered":"","protected":false},"excerpt":{"rendered":"<ul>\n<li><span class=\"Apple-converted-space\">\u00a0<\/span>Gra\u00e7a Dos Santos<span class=\"Apple-converted-space\">,\u00a0<\/span>Jos\u00e9 Manuel Esteves, Lina Iglesias<span class=\"Apple-converted-space\">,\u00a0<\/span>Gon\u00e7alo Pl\u00e1cido Cordeiro<span class=\"Apple-converted-space\">\u00a0(dir.)<\/span><\/li>\n<li>Langue fran\u00e7aise<\/li>\n<li>254 pages<\/li>\n<li>ISBN :<span class=\"Apple-converted-space\">\u00a0<\/span>978-2-84016-390-9<span class=\"Apple-converted-space\">\u00a0<\/span><\/li>\n<li>Parution le 09 septembre 2021<\/li>\n<\/ul>\n","protected":false},"featured_media":1336,"comment_status":"closed","ping_status":"closed","template":"","meta":{"_kad_blocks_custom_css":"","_kad_blocks_head_custom_js":"","_kad_blocks_body_custom_js":"","_kad_blocks_footer_custom_js":"","_kadence_starter_templates_imported_post":false,"_kad_post_transparent":"default","_kad_post_title":"","_kad_post_layout":"default","_kad_post_sidebar_id":"","_kad_post_content_style":"default","_kad_post_vertical_padding":"default","_kad_post_feature":"","_kad_post_feature_position":"","_kad_post_header":false,"_kad_post_footer":false,"_kad_post_classname":""},"product_brand":[],"product_cat":[396,420,400,512],"product_tag":[513],"class_list":{"0":"post-1335","1":"product","2":"type-product","3":"status-publish","4":"has-post-thumbnail","6":"product_cat-civilisations-et-cultures-etrangeres","7":"product_cat-espagne","8":"product_cat-histoire","9":"product_cat-peninsule-iberique","10":"product_tag-la-langue-portugaise-en-cultures","12":"first","13":"instock","14":"taxable","15":"shipping-taxable","16":"purchasable","17":"product-type-simple","18":"entry","19":"content-bg","20":"loop-entry"},"taxonomy_info":{"product_cat":[{"value":396,"label":"Civilisations et cultures \u00e9trang\u00e8res"},{"value":420,"label":"Espagne"},{"value":400,"label":"Histoire"},{"value":512,"label":"P\u00e9ninsule Ib\u00e9rique"}],"product_tag":[{"value":513,"label":"La langue portugaise en cultures"}]},"featured_image_src_large":["https:\/\/presses-universitaires.parisnanterre.fr\/wp-content\/uploads\/2021\/07\/Couv_voir-revoir-copie-728x1024.jpg",728,1024,true],"author_info":[],"comment_info":0,"_links":{"self":[{"href":"https:\/\/presses-universitaires.parisnanterre.fr\/index.php\/wp-json\/wp\/v2\/product\/1335","targetHints":{"allow":["GET"]}}],"collection":[{"href":"https:\/\/presses-universitaires.parisnanterre.fr\/index.php\/wp-json\/wp\/v2\/product"}],"about":[{"href":"https:\/\/presses-universitaires.parisnanterre.fr\/index.php\/wp-json\/wp\/v2\/types\/product"}],"replies":[{"embeddable":true,"href":"https:\/\/presses-universitaires.parisnanterre.fr\/index.php\/wp-json\/wp\/v2\/comments?post=1335"}],"wp:featuredmedia":[{"embeddable":true,"href":"https:\/\/presses-universitaires.parisnanterre.fr\/index.php\/wp-json\/wp\/v2\/media\/1336"}],"wp:attachment":[{"href":"https:\/\/presses-universitaires.parisnanterre.fr\/index.php\/wp-json\/wp\/v2\/media?parent=1335"}],"wp:term":[{"taxonomy":"product_brand","embeddable":true,"href":"https:\/\/presses-universitaires.parisnanterre.fr\/index.php\/wp-json\/wp\/v2\/product_brand?post=1335"},{"taxonomy":"product_cat","embeddable":true,"href":"https:\/\/presses-universitaires.parisnanterre.fr\/index.php\/wp-json\/wp\/v2\/product_cat?post=1335"},{"taxonomy":"product_tag","embeddable":true,"href":"https:\/\/presses-universitaires.parisnanterre.fr\/index.php\/wp-json\/wp\/v2\/product_tag?post=1335"}],"curies":[{"name":"wp","href":"https:\/\/api.w.org\/{rel}","templated":true}]}}