{"id":1238,"date":"2010-09-02T08:24:34","date_gmt":"2010-09-02T08:24:34","guid":{"rendered":"https:\/\/presses-universitaires.parisnanterre.fr\/?post_type=product&#038;p=1238"},"modified":"2022-03-02T13:47:31","modified_gmt":"2022-03-02T13:47:31","slug":"maurice-blanchot-et-la-philosophie","status":"publish","type":"product","link":"https:\/\/presses-universitaires.parisnanterre.fr\/index.php\/produit\/maurice-blanchot-et-la-philosophie\/","title":{"rendered":"Maurice Blanchot et la philosophie"},"content":{"rendered":"","protected":false},"excerpt":{"rendered":"<ul>\n<li>Eric Hoppenot, Alain Milon (dir.)<\/li>\n<li>436 pages<\/li>\n<li>ISBN : 978-2-84016-055-7<\/li>\n<li>Langue : fran\u00e7ais<\/li>\n<li>Date de publication : 2010<\/li>\n<\/ul>\n","protected":false},"featured_media":1239,"comment_status":"closed","ping_status":"closed","template":"","meta":{"_kad_blocks_custom_css":"","_kad_blocks_head_custom_js":"","_kad_blocks_body_custom_js":"","_kad_blocks_footer_custom_js":"","_kadence_starter_templates_imported_post":false,"_kad_post_transparent":"default","_kad_post_title":"","_kad_post_layout":"default","_kad_post_sidebar_id":"","_kad_post_content_style":"default","_kad_post_vertical_padding":"default","_kad_post_feature":"","_kad_post_feature_position":"","_kad_post_header":false,"_kad_post_footer":false,"_kad_post_classname":""},"product_brand":[],"product_cat":[436,403],"product_tag":[490],"class_list":{"0":"post-1238","1":"product","2":"type-product","3":"status-publish","4":"has-post-thumbnail","6":"product_cat-litterature-francaise","7":"product_cat-litteratures","8":"product_tag-resonances-de-maurice-blanchot","10":"first","11":"instock","12":"taxable","13":"shipping-taxable","14":"purchasable","15":"product-type-simple","16":"entry","17":"content-bg","18":"loop-entry"},"taxonomy_info":{"product_cat":[{"value":436,"label":"Litt\u00e9rature fran\u00e7aise"},{"value":403,"label":"Litt\u00e9ratures"}],"product_tag":[{"value":490,"label":"R\u00e9sonances de Maurice Blanchot"}]},"featured_image_src_large":["https:\/\/presses-universitaires.parisnanterre.fr\/wp-content\/uploads\/2021\/06\/CouvBlanchotPhilo.jpg",600,706,false],"author_info":[],"comment_info":0,"_links":{"self":[{"href":"https:\/\/presses-universitaires.parisnanterre.fr\/index.php\/wp-json\/wp\/v2\/product\/1238","targetHints":{"allow":["GET"]}}],"collection":[{"href":"https:\/\/presses-universitaires.parisnanterre.fr\/index.php\/wp-json\/wp\/v2\/product"}],"about":[{"href":"https:\/\/presses-universitaires.parisnanterre.fr\/index.php\/wp-json\/wp\/v2\/types\/product"}],"replies":[{"embeddable":true,"href":"https:\/\/presses-universitaires.parisnanterre.fr\/index.php\/wp-json\/wp\/v2\/comments?post=1238"}],"wp:featuredmedia":[{"embeddable":true,"href":"https:\/\/presses-universitaires.parisnanterre.fr\/index.php\/wp-json\/wp\/v2\/media\/1239"}],"wp:attachment":[{"href":"https:\/\/presses-universitaires.parisnanterre.fr\/index.php\/wp-json\/wp\/v2\/media?parent=1238"}],"wp:term":[{"taxonomy":"product_brand","embeddable":true,"href":"https:\/\/presses-universitaires.parisnanterre.fr\/index.php\/wp-json\/wp\/v2\/product_brand?post=1238"},{"taxonomy":"product_cat","embeddable":true,"href":"https:\/\/presses-universitaires.parisnanterre.fr\/index.php\/wp-json\/wp\/v2\/product_cat?post=1238"},{"taxonomy":"product_tag","embeddable":true,"href":"https:\/\/presses-universitaires.parisnanterre.fr\/index.php\/wp-json\/wp\/v2\/product_tag?post=1238"}],"curies":[{"name":"wp","href":"https:\/\/api.w.org\/{rel}","templated":true}]}}