{"id":1134,"date":"2018-06-08T17:24:05","date_gmt":"2018-06-08T17:24:05","guid":{"rendered":"https:\/\/presses-universitaires.parisnanterre.fr\/?post_type=product&#038;p=1134"},"modified":"2025-01-09T14:46:44","modified_gmt":"2025-01-09T14:46:44","slug":"museoscopies-fictions-du-musee-au-cinema","status":"publish","type":"product","link":"https:\/\/presses-universitaires.parisnanterre.fr\/index.php\/produit\/museoscopies-fictions-du-musee-au-cinema\/","title":{"rendered":"Mus\u00e9oscopies. Fictions du mus\u00e9e au cin\u00e9ma"},"content":{"rendered":"","protected":false},"excerpt":{"rendered":"<ul>\n<li>Coordination \u00e9ditoriale de\u00a0<span class=\"AuthorList\">Jos\u00e9phine Jibokji<\/span>,\u00a0<span class=\"AuthorList\">Barbara Le Ma\u00eetre<\/span>,\u00a0<span class=\"AuthorList\">Natacha Pernac<\/span>,\u00a0<span class=\"AuthorList\">Jennifer Verraes<\/span><\/li>\n<li>Langue fran\u00e7aise<\/li>\n<li>358 pages<\/li>\n<li>ISBN : 978-2-84016-281-0<\/li>\n<li>Date de parution : 2018<\/li>\n<\/ul>\n","protected":false},"featured_media":1135,"comment_status":"closed","ping_status":"closed","template":"","meta":{"_kad_blocks_custom_css":"","_kad_blocks_head_custom_js":"","_kad_blocks_body_custom_js":"","_kad_blocks_footer_custom_js":"","_kadence_starter_templates_imported_post":false,"_kad_post_transparent":"default","_kad_post_title":"","_kad_post_layout":"default","_kad_post_sidebar_id":"","_kad_post_content_style":"default","_kad_post_vertical_padding":"default","_kad_post_feature":"","_kad_post_feature_position":"","_kad_post_header":false,"_kad_post_footer":false,"_kad_post_classname":""},"product_brand":[],"product_cat":[411,395,412],"product_tag":[475],"class_list":{"0":"post-1134","1":"product","2":"type-product","3":"status-publish","4":"has-post-thumbnail","6":"product_cat-architecture-thematiques","7":"product_cat-arts","8":"product_cat-arts-visuels","9":"product_tag-loeil-du-cinema","11":"first","12":"instock","13":"taxable","14":"shipping-taxable","15":"purchasable","16":"product-type-simple","17":"entry","18":"content-bg","19":"loop-entry"},"taxonomy_info":{"product_cat":[{"value":411,"label":"Architecture"},{"value":395,"label":"Arts"},{"value":412,"label":"Arts visuels"}],"product_tag":[{"value":475,"label":"L'oeil du cin\u00e9ma"}]},"featured_image_src_large":["https:\/\/presses-universitaires.parisnanterre.fr\/wp-content\/uploads\/2021\/06\/1reCouvMuse\u0301oscopies-706x1024.jpg",706,1024,true],"author_info":[],"comment_info":0,"_links":{"self":[{"href":"https:\/\/presses-universitaires.parisnanterre.fr\/index.php\/wp-json\/wp\/v2\/product\/1134","targetHints":{"allow":["GET"]}}],"collection":[{"href":"https:\/\/presses-universitaires.parisnanterre.fr\/index.php\/wp-json\/wp\/v2\/product"}],"about":[{"href":"https:\/\/presses-universitaires.parisnanterre.fr\/index.php\/wp-json\/wp\/v2\/types\/product"}],"replies":[{"embeddable":true,"href":"https:\/\/presses-universitaires.parisnanterre.fr\/index.php\/wp-json\/wp\/v2\/comments?post=1134"}],"wp:featuredmedia":[{"embeddable":true,"href":"https:\/\/presses-universitaires.parisnanterre.fr\/index.php\/wp-json\/wp\/v2\/media\/1135"}],"wp:attachment":[{"href":"https:\/\/presses-universitaires.parisnanterre.fr\/index.php\/wp-json\/wp\/v2\/media?parent=1134"}],"wp:term":[{"taxonomy":"product_brand","embeddable":true,"href":"https:\/\/presses-universitaires.parisnanterre.fr\/index.php\/wp-json\/wp\/v2\/product_brand?post=1134"},{"taxonomy":"product_cat","embeddable":true,"href":"https:\/\/presses-universitaires.parisnanterre.fr\/index.php\/wp-json\/wp\/v2\/product_cat?post=1134"},{"taxonomy":"product_tag","embeddable":true,"href":"https:\/\/presses-universitaires.parisnanterre.fr\/index.php\/wp-json\/wp\/v2\/product_tag?post=1134"}],"curies":[{"name":"wp","href":"https:\/\/api.w.org\/{rel}","templated":true}]}}