{"id":1044,"date":"2017-06-07T13:43:33","date_gmt":"2017-06-07T13:43:33","guid":{"rendered":"https:\/\/presses-universitaires.parisnanterre.fr\/?post_type=product&#038;p=1044"},"modified":"2025-01-08T13:52:22","modified_gmt":"2025-01-08T13:52:22","slug":"vladimir-nabokov-ou-lecriture-du-multilinguisme-mots-etrangers-et-jeux-de-mots","status":"publish","type":"product","link":"https:\/\/presses-universitaires.parisnanterre.fr\/index.php\/produit\/vladimir-nabokov-ou-lecriture-du-multilinguisme-mots-etrangers-et-jeux-de-mots\/","title":{"rendered":"Vladimir Nabokov ou l\u2019\u00e9criture du multilinguisme : mots \u00e9trangers et jeux de mots"},"content":{"rendered":"","protected":false},"excerpt":{"rendered":"<ul>\n<li><span id=\"0\"><\/span><span class=\"lastname\">Julie Loison-Charles, Prologue d\u2019Agn\u00e8s Edel-Roy<\/span><\/li>\n<li>Anglais\/fran\u00e7ais<\/li>\n<li>256 pages<\/li>\n<li>ISBN : 978-2-84016-264-3<\/li>\n<li>Date de publication : 2016<\/li>\n<\/ul>\n","protected":false},"featured_media":2009,"comment_status":"closed","ping_status":"closed","template":"","meta":{"_kad_blocks_custom_css":"","_kad_blocks_head_custom_js":"","_kad_blocks_body_custom_js":"","_kad_blocks_footer_custom_js":"","_kadence_starter_templates_imported_post":false,"_kad_post_transparent":"default","_kad_post_title":"","_kad_post_layout":"default","_kad_post_sidebar_id":"","_kad_post_content_style":"default","_kad_post_vertical_padding":"default","_kad_post_feature":"","_kad_post_feature_position":"","_kad_post_header":false,"_kad_post_footer":false,"_kad_post_classname":""},"product_brand":[],"product_cat":[433,403,463],"product_tag":[378],"class_list":{"0":"post-1044","1":"product","2":"type-product","3":"status-publish","4":"has-post-thumbnail","6":"product_cat-linguistique","7":"product_cat-litteratures","8":"product_cat-xxe-siecle","9":"product_tag-chemins-croises","11":"first","12":"instock","13":"taxable","14":"shipping-taxable","15":"purchasable","16":"product-type-simple","17":"entry","18":"content-bg","19":"loop-entry"},"taxonomy_info":{"product_cat":[{"value":433,"label":"Linguistique"},{"value":403,"label":"Litt\u00e9ratures"},{"value":463,"label":"XXe si\u00e8cle"}],"product_tag":[{"value":378,"label":"Chemins crois\u00e9s"}]},"featured_image_src_large":["https:\/\/presses-universitaires.parisnanterre.fr\/wp-content\/uploads\/2017\/06\/nabokov.jpg",662,1000,false],"author_info":[],"comment_info":0,"_links":{"self":[{"href":"https:\/\/presses-universitaires.parisnanterre.fr\/index.php\/wp-json\/wp\/v2\/product\/1044","targetHints":{"allow":["GET"]}}],"collection":[{"href":"https:\/\/presses-universitaires.parisnanterre.fr\/index.php\/wp-json\/wp\/v2\/product"}],"about":[{"href":"https:\/\/presses-universitaires.parisnanterre.fr\/index.php\/wp-json\/wp\/v2\/types\/product"}],"replies":[{"embeddable":true,"href":"https:\/\/presses-universitaires.parisnanterre.fr\/index.php\/wp-json\/wp\/v2\/comments?post=1044"}],"wp:featuredmedia":[{"embeddable":true,"href":"https:\/\/presses-universitaires.parisnanterre.fr\/index.php\/wp-json\/wp\/v2\/media\/2009"}],"wp:attachment":[{"href":"https:\/\/presses-universitaires.parisnanterre.fr\/index.php\/wp-json\/wp\/v2\/media?parent=1044"}],"wp:term":[{"taxonomy":"product_brand","embeddable":true,"href":"https:\/\/presses-universitaires.parisnanterre.fr\/index.php\/wp-json\/wp\/v2\/product_brand?post=1044"},{"taxonomy":"product_cat","embeddable":true,"href":"https:\/\/presses-universitaires.parisnanterre.fr\/index.php\/wp-json\/wp\/v2\/product_cat?post=1044"},{"taxonomy":"product_tag","embeddable":true,"href":"https:\/\/presses-universitaires.parisnanterre.fr\/index.php\/wp-json\/wp\/v2\/product_tag?post=1044"}],"curies":[{"name":"wp","href":"https:\/\/api.w.org\/{rel}","templated":true}]}}