{"id":1006,"date":"2012-06-07T11:53:48","date_gmt":"2012-06-07T11:53:48","guid":{"rendered":"https:\/\/presses-universitaires.parisnanterre.fr\/?post_type=product&#038;p=1006"},"modified":"2021-06-11T11:07:04","modified_gmt":"2021-06-11T11:07:04","slug":"conciliation-reconciliation-aux-temps-medievaux-et-modernes","status":"publish","type":"product","link":"https:\/\/presses-universitaires.parisnanterre.fr\/index.php\/produit\/conciliation-reconciliation-aux-temps-medievaux-et-modernes\/","title":{"rendered":"Conciliation, r\u00e9conciliation aux temps m\u00e9di\u00e9vaux et modernes"},"content":{"rendered":"<p>Depuis les travaux qui ont renouvel\u00e9 les perspectives en histoire diplomatique, de nombreux chercheurs se sont int\u00e9ress\u00e9s \u00e0 la culture de la paix, notamment \u00e0 travers ses rituels. Des historiens se sont pench\u00e9s sur les modes et les techniques de n\u00e9gociation, ainsi que sur les pratiques de conciliation ou l\u2019id\u00e9al de r\u00e9conciliation, voire de fraternit\u00e9 universelle. Plus r\u00e9cemment le domaine de l\u2019histoire religieuse s\u2019est ouvert \u00e0 ces probl\u00e9matiques. Sous l\u2019impulsion des recherches men\u00e9es sur la justice, l\u2019arbitrage et la pacification des conflits d\u2019ordre priv\u00e9 sont entr\u00e9s dans les champs de la recherche historique.<br \/>\nApr\u00e8s s\u2019\u00eatre interrog\u00e9s sur les guerres et les affrontements de religion, sur les difficult\u00e9s de la tol\u00e9rance, sur les manifestations de violence et d\u2019inimiti\u00e9, de nombreux chercheurs mettent d\u00e9sormais en avant la notion de coexistence et \u00e9tudient le r\u00f4le des clercs dans diff\u00e9rentes instances de conciliation en s\u2019int\u00e9ressant aux proc\u00e9dures de pacification.<br \/>\nLe pr\u00e9sent volume se propose de tester la pertinence de ce th\u00e8me de la (r\u00e9)concilation dans le monde m\u00e9di\u00e9val et moderne en faisant porter le questionnement sur l\u2019ensemble des rapports sociaux : du politique au religieux et au culturel en passant par le judiciaire.<\/p>\n","protected":false},"excerpt":{"rendered":"<ul>\n<li>Franck Collard et Monique Cottret (dir.)<\/li>\n<li>Langue fran\u00e7aise<\/li>\n<li>200 pages<\/li>\n<li>ISBN: 978-2-84016-105-9<\/li>\n<li>Date de publication : 2012<\/li>\n<\/ul>\n","protected":false},"featured_media":1083,"comment_status":"closed","ping_status":"closed","template":"","meta":{"_kad_blocks_custom_css":"","_kad_blocks_head_custom_js":"","_kad_blocks_body_custom_js":"","_kad_blocks_footer_custom_js":"","_kadence_starter_templates_imported_post":false,"_kad_post_transparent":"default","_kad_post_title":"","_kad_post_layout":"default","_kad_post_sidebar_id":"","_kad_post_content_style":"default","_kad_post_vertical_padding":"default","_kad_post_feature":"","_kad_post_feature_position":"","_kad_post_header":false,"_kad_post_footer":false,"_kad_post_classname":""},"product_brand":[],"product_cat":[400],"product_tag":[376],"class_list":{"0":"post-1006","1":"product","2":"type-product","3":"status-publish","4":"has-post-thumbnail","6":"product_cat-histoire","7":"product_tag-bibliotheque-historique","9":"first","10":"instock","11":"taxable","12":"shipping-taxable","13":"purchasable","14":"product-type-simple","15":"entry","16":"content-bg","17":"loop-entry"},"taxonomy_info":{"product_cat":[{"value":400,"label":"Histoire"}],"product_tag":[{"value":376,"label":"Biblioth\u00e8que historique"}]},"featured_image_src_large":["https:\/\/presses-universitaires.parisnanterre.fr\/wp-content\/uploads\/2021\/06\/CouvReconciliation-802x1024.jpg",802,1024,true],"author_info":[],"comment_info":0,"_links":{"self":[{"href":"https:\/\/presses-universitaires.parisnanterre.fr\/index.php\/wp-json\/wp\/v2\/product\/1006","targetHints":{"allow":["GET"]}}],"collection":[{"href":"https:\/\/presses-universitaires.parisnanterre.fr\/index.php\/wp-json\/wp\/v2\/product"}],"about":[{"href":"https:\/\/presses-universitaires.parisnanterre.fr\/index.php\/wp-json\/wp\/v2\/types\/product"}],"replies":[{"embeddable":true,"href":"https:\/\/presses-universitaires.parisnanterre.fr\/index.php\/wp-json\/wp\/v2\/comments?post=1006"}],"wp:featuredmedia":[{"embeddable":true,"href":"https:\/\/presses-universitaires.parisnanterre.fr\/index.php\/wp-json\/wp\/v2\/media\/1083"}],"wp:attachment":[{"href":"https:\/\/presses-universitaires.parisnanterre.fr\/index.php\/wp-json\/wp\/v2\/media?parent=1006"}],"wp:term":[{"taxonomy":"product_brand","embeddable":true,"href":"https:\/\/presses-universitaires.parisnanterre.fr\/index.php\/wp-json\/wp\/v2\/product_brand?post=1006"},{"taxonomy":"product_cat","embeddable":true,"href":"https:\/\/presses-universitaires.parisnanterre.fr\/index.php\/wp-json\/wp\/v2\/product_cat?post=1006"},{"taxonomy":"product_tag","embeddable":true,"href":"https:\/\/presses-universitaires.parisnanterre.fr\/index.php\/wp-json\/wp\/v2\/product_tag?post=1006"}],"curies":[{"name":"wp","href":"https:\/\/api.w.org\/{rel}","templated":true}]}}