{"id":98,"date":"2021-01-25T10:21:31","date_gmt":"2021-01-25T10:21:31","guid":{"rendered":"https:\/\/presses-universitaires.parisnanterre.fr\/?page_id=98"},"modified":"2025-10-13T07:46:24","modified_gmt":"2025-10-13T07:46:24","slug":"les-presses","status":"publish","type":"page","link":"https:\/\/presses-universitaires.parisnanterre.fr\/index.php\/les-presses\/","title":{"rendered":"Les Presses"},"content":{"rendered":"\n<h1 class=\"wp-block-heading\">Pr\u00e9sentation<\/h1>\n\n\n\n<p>Les Presses universitaires de Paris Nanterre sont un outil de diffusion et de promotion de la recherche men\u00e9e par les enseignant\u00b7e\u00b7s-chercheur\u00b7se\u00b7s (ou chercheur\u00b7se\u00b7s) de l\u2019universit\u00e9 Paris Nanterre ou d\u2019autres universit\u00e9s. La s\u00e9lection des textes s\u2019effectue selon trois crit\u00e8res : l\u2019int\u00e9r\u00eat intrins\u00e8que du sujet, le caract\u00e8re scientifique de l\u2019information et la rigueur de la pr\u00e9sentation. Les ouvrages \u00e9dit\u00e9s respectent les normes commun\u00e9ment appliqu\u00e9es dans l\u2019\u00e9dition : relectures syst\u00e9matiques, normes typographiques, charte \u00e9ditoriale, travail graphique, modes d\u2019impression, contrat \u00e9ditorial, exclusion du \u00ab&nbsp;pr\u00eat-\u00e0-clicher&nbsp;\u00bb.<\/p>\n\n\n\n<p>Cr\u00e9\u00e9e en 2004, cette structure \u00e9ditoriale propose aujourd\u2019hui un catalogue d\u2019environ 400 ouvrages. Ce catalogue est compos\u00e9 de 46 collections qui sont organis\u00e9es autour de grandes th\u00e9matiques de recherche. Les Presses universitaires de Paris Nanterre publient environ 20 ouvrages et revues par an. Elles se veulent ouvertes aux partenariats et travaillent r\u00e9guli\u00e8rement \u00e0 la mise en place de co\u00e9ditions avec d\u2019autres presses universitaires et des \u00e9diteurs priv\u00e9s.<\/p>\n\n\n\n<p>La politique \u00e9ditoriale est clairement tourn\u00e9e vers l\u2019\u00e9dition multi-support. Pour le format papier, les Presses ont sign\u00e9 un partenariat de diffusion avec l&rsquo;<a href=\"https:\/\/www.afpu-diffusion.fr\">AFPU Diffusion<\/a> et de distribution avec Dilisco. Elles travaillent avec le Cl\u00e9o (Centre pour l\u2019\u00e9dition \u00e9lectronique ouverte) pour la publication num\u00e9rique, sur <a href=\"https:\/\/www.openedition.org\/catalogue-journals?limit=30&amp;publisher%5B%5D=Presses+universitaires+de+Paris+Nanterre\">OpenEdition Journals<\/a> pour les revues et sur <a href=\"https:\/\/books.openedition.org\/pupo\/\">OpenEdition Books<\/a> pour les ouvrages.<\/p>\n\n\n\n<p>La structure \u00e9ditoriale participe \u00e9galement \u00e0 la p\u00e9dagogie et la formation des \u00e9tudiant\u00b7e\u00b7s. Elle est impliqu\u00e9e dans les enseignements du Master \u00ab&nbsp;Humanit\u00e9s et industries cr\u00e9atives&nbsp;\u00bb (enseignements, projet \u00e9ditorial de fin de cursus et accueil de stagiaires).<\/p>\n\n\n\n<h2 class=\"wp-block-heading\">Directoire des Presses<\/h2>\n\n\n\n<p>Les Presses universitaires de Paris Nanterre sont organis\u00e9es autour d\u2019un <strong>Directoire<\/strong> qui&nbsp;:<\/p>\n\n\n\n<ul class=\"wp-block-list\">\n<li>anime et administre les Presses<\/li>\n\n\n\n<li>garantit la ligne \u00e9ditoriale d\u00e9finie par la Commission Recherche<\/li>\n\n\n\n<li>veille \u00e0 la mise en place du programme d\u2019\u00e9dition et \u00e0 la coh\u00e9rence des publications de l\u2019universit\u00e9<\/li>\n\n\n\n<li>\u00e9tablit un budget pr\u00e9visionnel et pr\u00e9sente un bilan d\u00e9taill\u00e9 de l\u2019exercice \u00e9coul\u00e9<\/li>\n\n\n\n<li>d\u00e9fend le budget et le bilan des Presses devant le Conseil d\u2019Administration et la Commission Recherche de l\u2019universit\u00e9<\/li>\n\n\n\n<li>supervise les services administratif, commercial et \u00e9ditorial des Presses et assure la liaison avec les services techniques de fabrication<\/li>\n\n\n\n<li>g\u00e8re les accords de co-\u00e9ditions<\/li>\n\n\n\n<li>est responsable de la charte graphique (de l\u2019identit\u00e9 visuelle \u00e0 la feuille de style) des Presses<\/li>\n\n\n\n<li>administre le suivi de l\u2019\u00e9dition des manuscrits<\/li>\n\n\n\n<li>est l\u2019interface entre les enseignants des diff\u00e9rents UFR de Paris Nanterre dans le cadre des projets p\u00e9dagogiques d\u2019\u00e9dition<\/li>\n\n\n\n<li>choisit les rapporteurs externes<\/li>\n\n\n\n<li>administre l\u2019attribution des aides \u00e0 l\u2019\u00e9dition<\/li>\n<\/ul>\n\n\n\n<h2 class=\"wp-block-heading\">Commission des publications<\/h2>\n\n\n\n<p>La commission des publications vote l\u2019aide financi\u00e8re accord\u00e9e aux ouvrages et revues. Elle est compos\u00e9e de :<\/p>\n\n\n\n<ul class=\"wp-block-list\">\n<li>Solenne Dubois (BIATSS)<\/li>\n\n\n\n<li>Yan Dalla Pria (Pr)<\/li>\n\n\n\n<li>Myriam-Isabelle Ducrocq (Pr)<\/li>\n\n\n\n<li>Nicolas Duthoit (Usager)<\/li>\n\n\n\n<li>Sylvie Le Grand-Ticchi (MCF)<\/li>\n\n\n\n<li>S\u00e9bastien Lamelle (Pr)<\/li>\n\n\n\n<li>Vincent Meyzie (MCF)<\/li>\n\n\n\n<li>Laurence Moulinier (Pr)<\/li>\n\n\n\n<li>Giuliana Pias (MCF) <\/li>\n\n\n\n<li>Benjamin Riviale (Usager) <\/li>\n\n\n\n<li>Marjolaine Roccati (MCF)<\/li>\n<\/ul>\n\n\n\n<h2 class=\"wp-block-heading\">L\u2019\u00e9quipe<\/h2>\n\n\n\n<p><strong>Directeur<br><\/strong>Yan Brailowsky (yan.brailowsky@parisnanterre.fr)<\/p>\n\n\n\n<p><strong>Responsable d\u2019\u00e9dition<br><\/strong>Laurence Patarit (lpatarit@parisnanterre.fr)<\/p>\n\n\n\n<p><strong>\u00c9ditrice &#8211; responsable d\u00e9veloppement de l&rsquo;\u00e9dition num\u00e9rique<br><\/strong>Morgan Simon (m.simon@parisnanterre.fr)<\/p>\n\n\n\n<p><strong>Assistante d&rsquo;\u00e9dition &#8211; charg\u00e9e de diffusion<\/strong><br>Cl\u00e9a Facon-Barillot (clea.fb@parisnanterre.fr)<\/p>\n\n\n\n<p><strong>Assistant d&rsquo;\u00e9dition &#8211; charg\u00e9 de communication<\/strong><br>Gabriel Grunspan (ggrunspan@parisnanterre.fr)<\/p>\n\n\n\n<p><\/p>\n","protected":false},"excerpt":{"rendered":"<p>Pr\u00e9sentation Les Presses universitaires de Paris Nanterre sont un outil de diffusion et de promotion de la recherche men\u00e9e par les enseignant\u00b7e\u00b7s-chercheur\u00b7se\u00b7s (ou chercheur\u00b7se\u00b7s) de l\u2019universit\u00e9 Paris Nanterre ou d\u2019autres universit\u00e9s. La s\u00e9lection des textes s\u2019effectue selon trois crit\u00e8res : l\u2019int\u00e9r\u00eat intrins\u00e8que du sujet, le caract\u00e8re scientifique de l\u2019information et la rigueur de la pr\u00e9sentation&#8230;.<\/p>\n","protected":false},"author":2,"featured_media":0,"parent":0,"menu_order":0,"comment_status":"closed","ping_status":"closed","template":"","meta":{"_kad_blocks_custom_css":"","_kad_blocks_head_custom_js":"","_kad_blocks_body_custom_js":"","_kad_blocks_footer_custom_js":"","_kadence_starter_templates_imported_post":false,"_kad_post_transparent":"","_kad_post_title":"","_kad_post_layout":"","_kad_post_sidebar_id":"","_kad_post_content_style":"","_kad_post_vertical_padding":"","_kad_post_feature":"","_kad_post_feature_position":"","_kad_post_header":false,"_kad_post_footer":false,"_kad_post_classname":"","footnotes":""},"class_list":["post-98","page","type-page","status-publish","hentry"],"taxonomy_info":[],"featured_image_src_large":false,"author_info":{"display_name":"Thomas Giot-Mikkelsen","author_link":"https:\/\/presses-universitaires.parisnanterre.fr\/index.php\/author\/thomas\/"},"comment_info":0,"_links":{"self":[{"href":"https:\/\/presses-universitaires.parisnanterre.fr\/index.php\/wp-json\/wp\/v2\/pages\/98","targetHints":{"allow":["GET"]}}],"collection":[{"href":"https:\/\/presses-universitaires.parisnanterre.fr\/index.php\/wp-json\/wp\/v2\/pages"}],"about":[{"href":"https:\/\/presses-universitaires.parisnanterre.fr\/index.php\/wp-json\/wp\/v2\/types\/page"}],"author":[{"embeddable":true,"href":"https:\/\/presses-universitaires.parisnanterre.fr\/index.php\/wp-json\/wp\/v2\/users\/2"}],"replies":[{"embeddable":true,"href":"https:\/\/presses-universitaires.parisnanterre.fr\/index.php\/wp-json\/wp\/v2\/comments?post=98"}],"version-history":[{"count":26,"href":"https:\/\/presses-universitaires.parisnanterre.fr\/index.php\/wp-json\/wp\/v2\/pages\/98\/revisions"}],"predecessor-version":[{"id":4008,"href":"https:\/\/presses-universitaires.parisnanterre.fr\/index.php\/wp-json\/wp\/v2\/pages\/98\/revisions\/4008"}],"wp:attachment":[{"href":"https:\/\/presses-universitaires.parisnanterre.fr\/index.php\/wp-json\/wp\/v2\/media?parent=98"}],"curies":[{"name":"wp","href":"https:\/\/api.w.org\/{rel}","templated":true}]}}