{"id":962,"date":"2021-06-07T08:00:31","date_gmt":"2021-06-07T08:00:31","guid":{"rendered":"https:\/\/presses-universitaires.parisnanterre.fr\/?page_id=962"},"modified":"2021-06-14T11:35:14","modified_gmt":"2021-06-14T11:35:14","slug":"mentions-legales","status":"publish","type":"page","link":"https:\/\/presses-universitaires.parisnanterre.fr\/index.php\/mentions-legales\/","title":{"rendered":"Mentions l\u00e9gales"},"content":{"rendered":"\n<p><strong>1. Pr\u00e9sentation de notre site web<\/strong><\/p>\n\n\n\n<p>Conform\u00e9ment \u00e0 la loi n\u00b0 2004-2005 du 21 juin 2004 pour la confiance dans l\u2019\u00e9conomie num\u00e9rique, notre site web cr\u00e9\u00e9 par Les Presses universitaires de Paris Nanterre, propri\u00e9taire du site Universit\u00e9 Paris Nanterre, met \u00e0 disposition du public les informations le concernant.<\/p>\n\n\n\n<p>\u00c9ventuellement modifiables, nous vous invitons \u00e0 consulter nos mentions l\u00e9gales le plus souvent possible, de mani\u00e8re \u00e0 en prendre connaissance fr\u00e9quemment.<\/p>\n\n\n\n<p>Le site <em>presses-universitaires.parisnanterre.fr<\/em>  \u2013 Ce site r\u00e9pond \u00e9galement \u00e0 l&rsquo;alias<em> presses.parisnanterre.fr<\/em><br>appartient \u00e0 l\u2019Universit\u00e9 Paris Nanterre<br>200, avenue de la R\u00e9publique, 92001 NANTERRE<br>T\u00e9l : 01 40 97 72 00<\/p>\n\n\n\n<p>La responsable de publication est Madame Laurence Patarit.<br>Vous pouvez la contacter en \u00e9crivant \u00e0 : lpatarit@parisnanterre.fr<\/p>\n\n\n\n<p>Le site <em><em>presses-universitaires.parisnanterre.fr<\/em><\/em> est h\u00e9berg\u00e9 par La<strong> Direction des Ressources Informatiques de l\u2019Universit\u00e9 Paris Nanterre<\/strong>.<br>Pole des Espaces Num\u00e9riques<br>Universit\u00e9 Paris Nanterre<br>t\u00e9l : 01 40 97 49 01 \/ 01 40 97 41 58<\/p>\n\n\n\n<p><strong>2. Conditions g\u00e9n\u00e9rales d\u2019utilisation du site et des services propos\u00e9s.<\/strong><\/p>\n\n\n\n<p>En utilisant le site web <em>presses-<em>universitaires<\/em>.parisnanterre.fr<\/em>, vous acceptez pleinement et enti\u00e8rement les conditions g\u00e9n\u00e9rales d\u2019utilisation pr\u00e9cis\u00e9es dans nos mentions l\u00e9gales. Accessible \u00e0 tout type de visiteurs, il est important de pr\u00e9ciser toutefois qu\u2019une interruption pour maintenance du site web peut-\u00eatre d\u00e9cid\u00e9e.<\/p>\n\n\n\n<p><strong>3. Les produits ou services propos\u00e9s par <em>presses-<em>universitaires<\/em>.parisnanterre.fr<\/em><\/strong><\/p>\n\n\n\n<p>En accord avec sa politique de communication, le site <em>presses-universitaires.parisnanterre.fr<\/em> a pour vocation d\u2019informer les utilisateurs sur les services et activit\u00e9s propos\u00e9s et s\u2019efforce de fournir des informations pr\u00e9cises. Cependant, des inexactitudes ou des omissions peuvent exister : l\u2019Universit\u00e9 Paris Nanterre ne pourra en aucun cas \u00eatre tenue pour responsable pour toute erreur pr\u00e9sente sur le site <em>presses-<em>universitaires<\/em>.parisnanterre.fr<\/em>. L&rsquo;objet du site est aussi de proposer \u00e0 la vente les ouvrages publi\u00e9s par les Presses universitaires de Paris Nanterre.<\/p>\n\n\n\n<p><strong>4. Limitations contractuelles<\/strong><\/p>\n\n\n\n<p>Les informations retranscrites sur le site web <em>presses-<em>universitaires<\/em>.parisnanterre.fr<\/em> font l\u2019objet de d\u00e9marches qualitatives, en vue de nous assurer de leur fiabilit\u00e9. Cependant, nous ne pourrons encourir de responsabilit\u00e9s en cas d\u2019inexactitudes techniques lors de nos explications.<\/p>\n\n\n\n<p>Si vous constatez une erreur concernant des informations que nous aurions pu omettre, n\u2019h\u00e9sitez pas \u00e0 nous le signaler par mail.<\/p>\n\n\n\n<p>Les liens reli\u00e9s directement ou indirectement au site web <em>presses-<em>universitaires<\/em>.parisnanterre.fr<\/em> ne sont pas sous notre contr\u00f4le. Par cons\u00e9quent, nous ne pouvons nous assurer de l\u2019exactitude des informations pr\u00e9sentes sur ces autres sites internet.<\/p>\n\n\n\n<p>Utilisant la technologie JavaScript, le site ne pourra \u00eatre tenu pour responsable en cas de dommages mat\u00e9riels li\u00e9s \u00e0 son utilisation. Par ailleurs, il en est de m\u00eame pour tout autre type de cons\u00e9quence li\u00e9e \u00e0 l\u2019exploitation de ce site qu\u2019elle soit directe ou indirecte (bug, incompatibilit\u00e9, virus, perte de march\u00e9, etc.).<\/p>\n\n\n\n<p><strong>5. Propri\u00e9t\u00e9 intellectuelle et contenu du site Internet<\/strong><\/p>\n\n\n\n<p>Le contenu r\u00e9dactionnel du site appartient exclusivement \u00e0 son propri\u00e9taire. Toute violation des droits d\u2019auteur est sanctionn\u00e9e par l\u2019article L.335-2 du Code de la Propri\u00e9t\u00e9 Intellectuelle, avec une peine encourue de 2 ans d\u2019emprisonnement et de 150 000 \u20ac d\u2019amende.<br>Tous les droits de reproduction sont r\u00e9serv\u00e9s, y compris pour les documents t\u00e9l\u00e9chargeables et les repr\u00e9sentations iconographiques et photographiques.<br>La reproduction de tout ou partie de ce site sur un support \u00e9lectronique quel qu\u2019il soit est formellement interdite sauf autorisation expresse du directeur de la publication.<\/p>\n\n\n\n<p>Le site ne pourra \u00eatre mis en cause en cas de propos injurieux, \u00e0 caract\u00e8re raciste, diffamant ou pornographique, \u00e9chang\u00e9s sur les espaces interactifs. Le responsable du site se r\u00e9serve \u00e9galement le droit de supprimer tout contenu contraire aux valeurs de l\u2019entreprise ou \u00e0 la l\u00e9gislation applicable en France.<\/p>\n\n\n\n<p><strong>6. Donn\u00e9es personnelles, respect de votre vie priv\u00e9e et de vos libert\u00e9s<\/strong><\/p>\n\n\n\n<p>Toute information recueillie sur le site web <em>presses-<em>universitaires<\/em>.parisnanterre.fr<\/em> l\u2019est dans le cadre des besoins li\u00e9s \u00e0 l\u2019utilisation de notre plateforme, comme le formulaire de commande ou demandes d\u2019inscription.<\/p>\n\n\n\n<p>L\u2019\u00e9tablissement s\u2019engage \u00e0 ne c\u00e9der en aucun cas les informations concernant les utilisateurs du site Internet, de quelque fa\u00e7on qu\u2019il soit (vente, \u00e9change, pr\u00eat, location, don), \u00e0 l&rsquo;exception des informations n\u00e9cessaires au bon d\u00e9roulement des transactions (voir les <a href=\"https:\/\/presses-universitaires.parisnanterre.fr\/index.php\/conditions-generales-de-vente\/\" target=\"_blank\" rel=\"noreferrer noopener\">conditions g\u00e9n\u00e9rales de vente<\/a> ainsi que notre <a href=\"https:\/\/presses-universitaires.parisnanterre.fr\/index.php\/politique-de-confidentialite\/\" data-type=\"page\" data-id=\"956\">politique de confidentialit\u00e9<\/a>).<\/p>\n\n\n\n<p>Conform\u00e9ment \u00e0 la loi \u00ab informatique et libert\u00e9s \u00bb du 6 janvier 1978 modifi\u00e9e en 2004, l\u2019utilisateur b\u00e9n\u00e9ficie d\u2019un droit d\u2019acc\u00e8s et de rectification aux informations le concernant, droit qu\u2019il peut exercer \u00e0 tout moment en adressant un mail ou par courrier au responsable de publication.<\/p>\n\n\n\n<p>Les bases de donn\u00e9es sont prot\u00e9g\u00e9es par les dispositions de la loi du 1er juillet 1998 transposant la directive 96\/9 du 11 mars 1996 relative \u00e0 la protection juridique des bases de donn\u00e9es.<\/p>\n\n\n\n<p><strong>7. Droit applicable et lois concern\u00e9es<\/strong><\/p>\n\n\n\n<p>Soumis au droit fran\u00e7ais, le site web <em>presses-<em>universitaires<\/em>.parisnanterre.fr<\/em> est encadr\u00e9 par la loi n\u00b0 2004-2005 du 21 juin 2004 pour la confiance dans l\u2019\u00e9conomie num\u00e9rique, l\u2019article L.335-2 du Code de la Propri\u00e9t\u00e9 Intellectuelle et la loi \u00ab informatique et libert\u00e9s \u00bb du 6 janvier 1978 modifi\u00e9e en 2004.<\/p>\n","protected":false},"excerpt":{"rendered":"<p>1. Pr\u00e9sentation de notre site web Conform\u00e9ment \u00e0 la loi n\u00b0 2004-2005 du 21 juin 2004 pour la confiance dans l\u2019\u00e9conomie num\u00e9rique, notre site web cr\u00e9\u00e9 par Les Presses universitaires de Paris Nanterre, propri\u00e9taire du site Universit\u00e9 Paris Nanterre, met \u00e0 disposition du public les informations le concernant. \u00c9ventuellement modifiables, nous vous invitons \u00e0 consulter&#8230;<\/p>\n","protected":false},"author":1,"featured_media":0,"parent":0,"menu_order":0,"comment_status":"closed","ping_status":"closed","template":"","meta":{"_kad_blocks_custom_css":"","_kad_blocks_head_custom_js":"","_kad_blocks_body_custom_js":"","_kad_blocks_footer_custom_js":"","_kadence_starter_templates_imported_post":false,"_kad_post_transparent":"","_kad_post_title":"","_kad_post_layout":"","_kad_post_sidebar_id":"","_kad_post_content_style":"","_kad_post_vertical_padding":"","_kad_post_feature":"","_kad_post_feature_position":"","_kad_post_header":false,"_kad_post_footer":false,"_kad_post_classname":"","footnotes":""},"class_list":["post-962","page","type-page","status-publish","hentry"],"taxonomy_info":[],"featured_image_src_large":false,"author_info":{"display_name":"admin","author_link":"https:\/\/presses-universitaires.parisnanterre.fr\/index.php\/author\/scarella\/"},"comment_info":0,"_links":{"self":[{"href":"https:\/\/presses-universitaires.parisnanterre.fr\/index.php\/wp-json\/wp\/v2\/pages\/962","targetHints":{"allow":["GET"]}}],"collection":[{"href":"https:\/\/presses-universitaires.parisnanterre.fr\/index.php\/wp-json\/wp\/v2\/pages"}],"about":[{"href":"https:\/\/presses-universitaires.parisnanterre.fr\/index.php\/wp-json\/wp\/v2\/types\/page"}],"author":[{"embeddable":true,"href":"https:\/\/presses-universitaires.parisnanterre.fr\/index.php\/wp-json\/wp\/v2\/users\/1"}],"replies":[{"embeddable":true,"href":"https:\/\/presses-universitaires.parisnanterre.fr\/index.php\/wp-json\/wp\/v2\/comments?post=962"}],"version-history":[{"count":6,"href":"https:\/\/presses-universitaires.parisnanterre.fr\/index.php\/wp-json\/wp\/v2\/pages\/962\/revisions"}],"predecessor-version":[{"id":1175,"href":"https:\/\/presses-universitaires.parisnanterre.fr\/index.php\/wp-json\/wp\/v2\/pages\/962\/revisions\/1175"}],"wp:attachment":[{"href":"https:\/\/presses-universitaires.parisnanterre.fr\/index.php\/wp-json\/wp\/v2\/media?parent=962"}],"curies":[{"name":"wp","href":"https:\/\/api.w.org\/{rel}","templated":true}]}}