{"id":4137,"date":"2026-02-20T09:53:15","date_gmt":"2026-02-20T09:53:15","guid":{"rendered":"https:\/\/presses-universitaires.parisnanterre.fr\/?page_id=4137"},"modified":"2026-02-24T12:28:45","modified_gmt":"2026-02-24T12:28:45","slug":"exposition-les-refractaires-du-desert","status":"publish","type":"page","link":"https:\/\/presses-universitaires.parisnanterre.fr\/index.php\/exposition-les-refractaires-du-desert\/","title":{"rendered":"Exposition \u2013 Les r\u00e9fractaires du d\u00e9sert"},"content":{"rendered":"\n<h2 class=\"wp-block-heading has-theme-palette-1-color has-text-color has-link-color wp-elements-7ece34f95fb4f5d85a8f45c8a316279e\"><strong>Exposition \u2013 Les r\u00e9fractaires du d\u00e9sert<\/strong><\/h2>\n\n\n\n<p><\/p>\n\n\n\n<div class=\"wp-block-media-text alignwide has-media-on-the-right is-stacked-on-mobile is-vertically-aligned-top\" style=\"grid-template-columns:auto 30%\"><div class=\"wp-block-media-text__content\">\n<div class=\"wp-block-columns is-layout-flex wp-container-core-columns-is-layout-9d6595d7 wp-block-columns-is-layout-flex\">\n<div class=\"wp-block-column is-vertically-aligned-center is-layout-flow wp-block-column-is-layout-flow\" style=\"flex-basis:100%\">\n<div class=\"wp-block-columns is-layout-flex wp-container-core-columns-is-layout-9d6595d7 wp-block-columns-is-layout-flex\">\n<div class=\"wp-block-column is-layout-flow wp-block-column-is-layout-flow\" style=\"flex-basis:100%\">\n<p><strong>Du 30 mars au 23 avril 2026<br><\/strong><br>Les Presses universitaires de Paris Nanterre vous invitent \u00e0 d\u00e9couvrir <a href=\"https:\/\/bu.parisnanterre.fr\/expositions\/les-refractaires-du-desert\" data-type=\"link\" data-id=\"https:\/\/bu.parisnanterre.fr\/expositions\/les-refractaires-du-desert\">l&rsquo;exposition photographique organis\u00e9e par la Biblioth\u00e8que universitaire<\/a> de l&rsquo;Universit\u00e9 Paris Nanterre, <em>Les r\u00e9fractaires du d\u00e9sert<\/em>. Cette exposition met en lumi\u00e8re le travail de David Frati, ethnographe et charg\u00e9 recherche au CNRS (Centre national de la recherche scientifique).<\/p>\n\n\n\n<p>Les photos, tir\u00e9es en partie de son livre, <a href=\"https:\/\/presses-universitaires.parisnanterre.fr\/index.php\/produit\/les-refractaires-du-desert\/\">Les r\u00e9fractaires du d\u00e9sert : rejet du travail et appropriation de l&rsquo;espace dans le d\u00e9sert d&rsquo;Arizona<\/a>, publi\u00e9 en 2024 par les Presses, ont \u00e9t\u00e9 prises dans le cadre d&rsquo;une enqu\u00eate ethnographique men\u00e9e sur quatre hivers, qui portait sur les mobilit\u00e9s des populations pauvres dans les \u201cpublics lands\u201d et les petites villes du d\u00e9sert de l&rsquo;Ouest des Etats-Unis. <\/p>\n\n\n\n<p><strong>\u00c0 propos de l&rsquo;exposition<\/strong><\/p>\n\n\n\n<p>La petite ville de Quartzsite, en Arizona, voit affluer chaque hiver des dizaines de milliers de retrait\u00e9s qui viennent profiter du soleil de la Sun Belt \u00e0 bord de leurs camping-cars. Parmi eux, dans le d\u00e9sert qui entoure la ville, r\u00e9side une communaut\u00e9 singuli\u00e8re : les r\u00e9fractaires. Ayant quitt\u00e9 le travail salari\u00e9 bien avant l\u2019\u00e2ge l\u00e9gal de d\u00e9part \u00e0 la retraite, ils s\u2019approprient le d\u00e9sert pour faire de cette r\u00e9serve naturelle touristique un espace de vie peu on\u00e9reux.&nbsp;Cette exposition donne \u00e0 voir et \u00e0 entendre ces r\u00e9fractaires. Elle nous pr\u00e9sente leurs parcours et leurs modes de vie : pour quelles raisons ont-ils quitt\u00e9 si t\u00f4t le monde du travail et comment cela les a conduits \u00e0 vivre dans un habitat mobile ? Pourquoi se rassemblent-ils chaque hiver dans ce d\u00e9sert et comment s\u2019approprient-ils collectivement cet espace ?<\/p>\n<\/div>\n<\/div>\n\n\n\n<p><strong>Les visites guid\u00e9es<\/strong><\/p>\n<\/div>\n<\/div>\n\n\n\n<p>Deux visites guid\u00e9es sont organis\u00e9es, le <a href=\"https:\/\/parisnanterre.libcal.com\/event\/4513603\">31 mars<\/a> et le <a href=\"https:\/\/parisnanterre.libcal.com\/event\/4513604\">02 avril <\/a>; sur <a href=\"https:\/\/bu.parisnanterre.fr\/expositions\/les-refractaires-du-desert\">inscription<\/a>.<\/p>\n\n\n\n<p>L&rsquo;exposition se tiendra du <strong>30 mars<\/strong> au <strong>23 avril<\/strong>, \u00e0 la Biblioth\u00e8que universitaire (BU), Accueil Est &#8211;&nbsp;Galerie Edouard Albert, 2 all\u00e9e de la biblioth\u00e8que, 92000 Nanterre.<\/p>\n<\/div><figure class=\"wp-block-media-text__media\"><img loading=\"lazy\" decoding=\"async\" width=\"932\" height=\"1024\" src=\"https:\/\/presses-universitaires.parisnanterre.fr\/wp-content\/uploads\/2026\/02\/9782840165521-scaled-1-932x1024.jpg\" alt=\"\" class=\"wp-image-4221 size-full\" srcset=\"https:\/\/presses-universitaires.parisnanterre.fr\/wp-content\/uploads\/2026\/02\/9782840165521-scaled-1-932x1024.jpg 932w, https:\/\/presses-universitaires.parisnanterre.fr\/wp-content\/uploads\/2026\/02\/9782840165521-scaled-1-273x300.jpg 273w, https:\/\/presses-universitaires.parisnanterre.fr\/wp-content\/uploads\/2026\/02\/9782840165521-scaled-1-768x843.jpg 768w, https:\/\/presses-universitaires.parisnanterre.fr\/wp-content\/uploads\/2026\/02\/9782840165521-scaled-1-1399x1536.jpg 1399w, https:\/\/presses-universitaires.parisnanterre.fr\/wp-content\/uploads\/2026\/02\/9782840165521-scaled-1-1865x2048.jpg 1865w, https:\/\/presses-universitaires.parisnanterre.fr\/wp-content\/uploads\/2026\/02\/9782840165521-scaled-1-1320x1450.jpg 1320w, https:\/\/presses-universitaires.parisnanterre.fr\/wp-content\/uploads\/2026\/02\/9782840165521-scaled-1-600x659.jpg 600w\" sizes=\"auto, (max-width: 932px) 100vw, 932px\" \/><\/figure><\/div>\n\n\n<style>.kadence-column4137_cadc01-3a > .kt-inside-inner-col,.kadence-column4137_cadc01-3a > .kt-inside-inner-col:before{border-top-left-radius:0px;border-top-right-radius:0px;border-bottom-right-radius:0px;border-bottom-left-radius:0px;}.kadence-column4137_cadc01-3a > .kt-inside-inner-col{column-gap:var(--global-kb-gap-sm, 1rem);}.kadence-column4137_cadc01-3a > .kt-inside-inner-col{flex-direction:column;}.kadence-column4137_cadc01-3a > .kt-inside-inner-col > .aligncenter{width:100%;}.kadence-column4137_cadc01-3a > .kt-inside-inner-col:before{opacity:0.3;}.kadence-column4137_cadc01-3a{position:relative;}@media all and (max-width: 1024px){.kadence-column4137_cadc01-3a > .kt-inside-inner-col{flex-direction:column;justify-content:center;}}@media all and (max-width: 767px){.kadence-column4137_cadc01-3a > .kt-inside-inner-col{flex-direction:column;justify-content:center;}}<\/style>\n<div class=\"wp-block-kadence-column kadence-column4137_cadc01-3a\"><div class=\"kt-inside-inner-col\"><\/div><\/div>\n\n\n\n<p><\/p>\n","protected":false},"excerpt":{"rendered":"<p>Exposition \u2013 Les r\u00e9fractaires du d\u00e9sert<\/p>\n","protected":false},"author":172,"featured_media":4221,"parent":0,"menu_order":0,"comment_status":"closed","ping_status":"closed","template":"","meta":{"_kad_blocks_custom_css":"","_kad_blocks_head_custom_js":"","_kad_blocks_body_custom_js":"","_kad_blocks_footer_custom_js":"","_kadence_starter_templates_imported_post":false,"_kad_post_transparent":"","_kad_post_title":"","_kad_post_layout":"default","_kad_post_sidebar_id":"","_kad_post_content_style":"","_kad_post_vertical_padding":"","_kad_post_feature":"hide","_kad_post_feature_position":"below","_kad_post_header":false,"_kad_post_footer":false,"_kad_post_classname":"","footnotes":""},"class_list":["post-4137","page","type-page","status-publish","has-post-thumbnail","hentry"],"taxonomy_info":[],"featured_image_src_large":["https:\/\/presses-universitaires.parisnanterre.fr\/wp-content\/uploads\/2026\/02\/9782840165521-scaled-1-932x1024.jpg",932,1024,true],"author_info":{"display_name":"Gabriel Grunspan","author_link":"https:\/\/presses-universitaires.parisnanterre.fr\/index.php\/author\/gabriel\/"},"comment_info":0,"_links":{"self":[{"href":"https:\/\/presses-universitaires.parisnanterre.fr\/index.php\/wp-json\/wp\/v2\/pages\/4137","targetHints":{"allow":["GET"]}}],"collection":[{"href":"https:\/\/presses-universitaires.parisnanterre.fr\/index.php\/wp-json\/wp\/v2\/pages"}],"about":[{"href":"https:\/\/presses-universitaires.parisnanterre.fr\/index.php\/wp-json\/wp\/v2\/types\/page"}],"author":[{"embeddable":true,"href":"https:\/\/presses-universitaires.parisnanterre.fr\/index.php\/wp-json\/wp\/v2\/users\/172"}],"replies":[{"embeddable":true,"href":"https:\/\/presses-universitaires.parisnanterre.fr\/index.php\/wp-json\/wp\/v2\/comments?post=4137"}],"version-history":[{"count":12,"href":"https:\/\/presses-universitaires.parisnanterre.fr\/index.php\/wp-json\/wp\/v2\/pages\/4137\/revisions"}],"predecessor-version":[{"id":4233,"href":"https:\/\/presses-universitaires.parisnanterre.fr\/index.php\/wp-json\/wp\/v2\/pages\/4137\/revisions\/4233"}],"wp:featuredmedia":[{"embeddable":true,"href":"https:\/\/presses-universitaires.parisnanterre.fr\/index.php\/wp-json\/wp\/v2\/media\/4221"}],"wp:attachment":[{"href":"https:\/\/presses-universitaires.parisnanterre.fr\/index.php\/wp-json\/wp\/v2\/media?parent=4137"}],"curies":[{"name":"wp","href":"https:\/\/api.w.org\/{rel}","templated":true}]}}