{"id":3390,"date":"2024-11-19T17:29:23","date_gmt":"2024-11-19T17:29:23","guid":{"rendered":"https:\/\/presses-universitaires.parisnanterre.fr\/?page_id=3390"},"modified":"2025-11-28T10:15:12","modified_gmt":"2025-11-28T10:15:12","slug":"autour-de-louvrage","status":"publish","type":"page","link":"https:\/\/presses-universitaires.parisnanterre.fr\/index.php\/autour-de-louvrage\/","title":{"rendered":"Autour de l&rsquo;ouvrage Les juges contre l&rsquo;Am\u00e9rique"},"content":{"rendered":"\n<h1 class=\"wp-block-heading\">Autour de l&rsquo;ouvrage <em>Les juges contre l&rsquo;Am\u00e9rique<\/em><\/h1>\n\n\n\n<h4 class=\"wp-block-heading\"><a href=\"https:\/\/presses-universitaires.parisnanterre.fr\/index.php\/produit\/les-juges-contre-lamerique\/\"><em>Les Juges contre l&rsquo;Am\u00e9rique. La capture de la Cour supr\u00eame par la droite radicale <\/em><\/a><\/h4>\n\n\n<div class=\"wp-block-image\">\n<figure class=\"alignright size-large is-resized\"><img loading=\"lazy\" decoding=\"async\" width=\"1024\" height=\"807\" src=\"https:\/\/presses-universitaires.parisnanterre.fr\/wp-content\/uploads\/2024\/11\/Capture-decran-2024-11-19-a-15.49.38-1024x807.png\" alt=\"\" class=\"wp-image-3404\" style=\"width:468px;height:auto\" srcset=\"https:\/\/presses-universitaires.parisnanterre.fr\/wp-content\/uploads\/2024\/11\/Capture-decran-2024-11-19-a-15.49.38-1024x807.png 1024w, https:\/\/presses-universitaires.parisnanterre.fr\/wp-content\/uploads\/2024\/11\/Capture-decran-2024-11-19-a-15.49.38-300x237.png 300w, https:\/\/presses-universitaires.parisnanterre.fr\/wp-content\/uploads\/2024\/11\/Capture-decran-2024-11-19-a-15.49.38-768x606.png 768w, https:\/\/presses-universitaires.parisnanterre.fr\/wp-content\/uploads\/2024\/11\/Capture-decran-2024-11-19-a-15.49.38-600x473.png 600w, https:\/\/presses-universitaires.parisnanterre.fr\/wp-content\/uploads\/2024\/11\/Capture-decran-2024-11-19-a-15.49.38.png 1106w\" sizes=\"auto, (max-width: 1024px) 100vw, 1024px\" \/><figcaption class=\"wp-element-caption\">Anne Deysine dans l&rsquo;\u00e9mission <a href=\"https:\/\/www.publicsenat.fr\/emission\/sens-public\/lintegrale-du-06-novembre-e39?fbclid=IwY2xjawGgUNhleHRuA2FlbQIxMQABHWg74PPe-KrkOSv8t53vJwDzFIGJKykuo0BFpsEqq6AsLmZIBBZcPveyMQ_aem_-LJMfiDg1INsl4FzIeoluw\">\u00ab&nbsp;Sens public&nbsp;\u00bb<\/a> <br>de&nbsp;<em>Public S\u00e9nat<\/em>&nbsp;du 6 novembre&nbsp;2024.<\/figcaption><\/figure>\n<\/div>\n\n\n<p><strong>Retrouvez les interventions d\u2019Anne Deysine :<\/strong> <\/p>\n\n\n\n<p>\u00c9mission \u00ab&nbsp;<a href=\"https:\/\/www.radiofrance.fr\/franceculture\/podcasts\/france-culture-va-plus-loin-l-invite-e-des-matins-d-ete\/trump-l-engrenage-autoritaire-3679317\">Trump, l\u2019engrenage autoritaire&nbsp;?<\/a>&nbsp;\u00bb, \u00ab&nbsp;Les Matins d\u2019\u00e9t\u00e9&nbsp;\u00bb de <em>France Culture<\/em> le 2 juillet 2025.<\/p>\n\n\n\n<p>\u00c9mission \u00ab <a href=\"https:\/\/www.franceinfo.fr\/replay-radio\/les-informes-de-france-info\/iran-israel-manifestations-pour-la-palestine-manifestations-anti-trump-les-informes-de-franceinfo-du-samedi-14-juin-2025_7283373.html\">Iran-Isra\u00ebl, manifestations pour la Palestine, manifestations anti-Trump&#8230;<\/a> \u00bb Les inform\u00e9s de <em>FranceInfo<\/em> du samedi 14 juin 2025.<\/p>\n\n\n\n<p>\u00c9mission \u00ab <a href=\"https:\/\/www.youtube.com\/watch?v=hf8ztfHARlc&amp;list=PL3t1ytKnk4hWXk0PPzJACeZWxsyiaF2I7&amp;index=3\">Trump, une fuite en avant autoritaire <\/a>? \u00bb, 28 minutes, ARTE, le 10 juin 2025.<\/p>\n\n\n\n<p>\u00c9mission \u00ab <a href=\"https:\/\/www.france.tv\/france-5\/c-dans-l-air\/7204850-emission-du-jeudi-12-juin-2025.html#about-section\">De New York \u00e0 L.A&#8230; La col\u00e8re anti-Trump s&rsquo;\u00e9tend<\/a> \u00bb <em>C dans l&rsquo;air<\/em> le 09 juin 2025.<\/p>\n\n\n\n<p>\u00c9mission \u00ab <a href=\"https:\/\/lcp.fr\/programmes\/ca-vous-regarde\/donald-trump-les-100-jours-qui-stupefient-le-monde-363065\">\u00c7a vous regarde&nbsp;&#8211; Donald Trump : Les 100 jours qui stup\u00e9fient le monde<\/a> \u00bb sur LCP le 30 avril 2025.<\/p>\n\n\n\n<p>\u00c9mission \u00ab<a href=\"https:\/\/www.youtube.com\/watch?v=xmvLLLC3HOo\"> Donald Trump : les 100 jours qui ont chang\u00e9 le monde <\/a>\u00bb sur TV5 Monde le 30 avril 2025. <\/p>\n\n\n\n<p>\u00c9mission \u00ab <a href=\"https:\/\/www.francetvinfo.fr\/replay-magazine\/franceinfo\/l-heure-americaine\/l-heure-americaine-du-mardi-29-avril-2025_7219677.html\">L&rsquo;heure am\u00e9ricaine<\/a> \u00bb du mardi 29 avril 2025. <\/p>\n\n\n\n<p>\u00c9mission \u00ab <a href=\"https:\/\/www.france.tv\/france-5\/c-dans-l-air\/7099820-emission-du-mardi-29-avril-2025.html#about-section\">Trump : 100 jours sans limite&#8230; et encore des surprises ?<\/a> \u00bb dans C dans l&rsquo;air du 29 avril 2025. <\/p>\n\n\n\n<p>\u00c9mission Le D\u00e9bat du jour \u00ab <a href=\"https:\/\/www.rfi.fr\/fr\/podcasts\/d%C3%A9bat-du-jour\/20250409-le-duo-trump-musk-peut-il-tenir\">Le duo Trump\/Musk peut-il tenir&nbsp;?<\/a> \u00bb sur RFI le 9 avril 2025. <\/p>\n\n\n\n<p>\u00c9mission \u00ab <a href=\"https:\/\/www.rfi.fr\/fr\/podcasts\/d\u00e9bat-du-jour\/20250303-l-am\u00e9rique-est-elle-toute-puissante\">L&rsquo;Am\u00e9rique est-elle-toute-puissante ?<\/a> \u00bb sur RFI le 3 mars 2025.<\/p>\n\n\n\n<p>\u00c9mission \u00ab <a href=\"https:\/\/www.radiofrance.fr\/franceculture\/podcasts\/france-culture-va-plus-loin-l-invite-e-des-matins\/ce-qu-il-reste-de-la-democratie-en-amerique-7575639\">Ce qu\u2019il reste de la d\u00e9mocratie en Am\u00e9rique<\/a> \u00bb dans <em>Les matins de France Culture<\/em> le 26 f\u00e9vrier 2025. <\/p>\n\n\n\n<p>\u00c9mission \u00ab <a href=\"https:\/\/www.arte.tv\/fr\/videos\/121620-025-A\/trump-2-nouveau-mandat-nouvelles-ideologies\/\">Trump 2 : nouveau mandat, nouvelles id\u00e9ologies ?<\/a> \u00bb sur <em>Arte<\/em>.<\/p>\n\n\n\n<p>\u00c9mission \u00ab <a href=\"https:\/\/www.radiofrance.fr\/franceculture\/podcasts\/questions-du-soir-le-debat\/assiste-t-on-a-la-naissance-de-l-imperialisme-americain-2596516\">Donald Trump&nbsp;: \u201cpr\u00e9sident imp\u00e9rial\u201d ?<\/a> \u00bb dans <em>Question du soir : d\u00e9bat<\/em> pr\u00e9sent\u00e9e par Quentin Lafay sur <em>France Culture<\/em> le 9 janvier 2025.<\/p>\n\n\n\n<p>\u00c9mission \u00ab <a href=\"https:\/\/www.radiofrance.fr\/franceculture\/podcasts\/les-matins\/grace-de-hunter-biden-stellantis-et-carlo-tavares-la-politique-est-elle-a-l-image-de-la-societe-2663448\">La gr\u00e2ce de Hunter Biden discr\u00e9dite-t-elle les d\u00e9mocrates&nbsp;?<\/a> \u00bb pr\u00e9sent\u00e9e par Guillaume Erner sur <em>France Culture<\/em> le 3 d\u00e9cembre 2024.<\/p>\n\n\n\n<p>\u00c9mission <a href=\"https:\/\/www.radiofrance.fr\/franceinter\/podcasts\/un-monde-nouveau\/un-monde-nouveau-du-samedi-30-novembre-2024-6634810\">\u00ab Sommes-nous d\u00e9finitivement entr\u00e9s dans l&rsquo;\u00e8re de la crypto-monnaie&nbsp;? \u00bb<\/a> pr\u00e9sent\u00e9e par Mathilde Serrell sur <em>France Inter<\/em> le 30 novembre 2024.<\/p>\n\n\n\n<p>\u00c9mission <a href=\"https:\/\/www.radiofrance.fr\/franceculture\/podcasts\/affaires-etrangeres\/etats-unis-les-lecons-du-scrutin-9031533\">\u00ab&nbsp;\u00c9tats-Unis les le\u00e7ons du scrutin&nbsp;\u00bb<\/a> pr\u00e9sent\u00e9e par Christine Ockrent sur&nbsp;<em>France Culture<\/em> du 9 novembre 2024.<\/p>\n\n\n\n<p>\u00c9mission <a href=\"https:\/\/www.publicsenat.fr\/emission\/sens-public\/lintegrale-du-06-novembre-e39?fbclid=IwY2xjawGgUNhleHRuA2FlbQIxMQABHWg74PPe-KrkOSv8t53vJwDzFIGJKykuo0BFpsEqq6AsLmZIBBZcPveyMQ_aem_-LJMfiDg1INsl4FzIeoluw\">\u00ab&nbsp;Sens public&nbsp;\u00bb<\/a> de&nbsp;<em>Public S\u00e9nat<\/em>&nbsp;du 6 novembre&nbsp;2024.<\/p>\n\n\n\n<p>\u00c9mission <a href=\"https:\/\/ici.radio-canada.ca\/rdi\/24-60\/site\/videos\/10218071\/trump-2-0-pourra-t-il-faire-ce-quil-veut-et-abuser-ses-pouvoirs\">\u00ab&nbsp;24 heures en 60 minutes&nbsp;: Le Trump 2.0 pourra-t-il faire ce qu&rsquo;il veut et abuser de ses pouvoirs ?&nbsp;\u00bb<\/a>, anim\u00e9e par Anne-Marie Dussault, sur le R\u00e9seau de l\u2019information de&nbsp;<em>Radio-Canada<\/em>&nbsp;\u00e0 Montr\u00e9al du 7 novembre 2024.<\/p>\n\n\n\n<p>RTL&nbsp;:&nbsp;<a href=\"https:\/\/www.rtl.fr\/programmes\/les-invites-de-rtl\/7900437046-election-americaine-sylvie-bermann-et-anne-deysine-sont-les-invites-de-amandine-begot\">\u00c9LECTION AM\u00c9RICAINE<\/a> &#8211; Sylvie Bermann et Anne Deysine sont les invit\u00e9es de Amandine B\u00e9got. <\/p>\n\n\n\n<p>\u00c9mission <a href=\"https:\/\/www.francetvinfo.fr\/replay-magazine\/franceinfo\/l-info-s-eclaire\/l-info-s-eclaire-du-mardi-29-octobre-2024_6866552.html?fbclid=IwY2xjawGgUSlleHRuA2FlbQIxMQABHf69UxHGOO2Eq5gSti8m29XPTgMif3TN7PbS28oBuW3TgEb3xdMjcuZo-Q_aem_cTsmZ2gZL_giulkbAQ_xNQ\">\u00ab&nbsp;L\u2019info s\u2019\u00e9claire&nbsp;\u00bb<\/a> de&nbsp;<em>FranceInfo<\/em>&nbsp;du 29 octobre 2024.<\/p>\n\n\n\n<p>\u00c9mission <a href=\"https:\/\/www.france.tv\/france-5\/c-dans-l-air\/6610994-harris-trump-l-amerique-retient-son-souffle.html#section-about\">\u00ab&nbsp;C dans l\u2019air&nbsp;\u00bb<\/a> de&nbsp;<em>France&nbsp;5<\/em> du 4 novembre 2024.<\/p>\n\n\n\n<p>\u00c9mission <a href=\"https:\/\/www.francetvinfo.fr\/replay-magazine\/franceinfo\/vrai-ou-fake-l-emission\/vrai-ou-faux-l-emission-du-samedi-19-octobre-2024_6847613.html?fbclid=IwY2xjawGgUZNleHRuA2FlbQIxMQABHdN8jM-fMTeF6zyudqLZdAJXNGImFYwXat16UxnOGLXNnRsfFgeJCeXrXw_aem_3l09xl7Nv3EBBq-y3lpPEw\">\u00ab&nbsp;Vrai ou faux&nbsp;\u00bb<\/a> de&nbsp;<em>FranceInfo<\/em>&nbsp;du 19 octobre 2024.<\/p>\n\n\n\n<p><em>BFM Radio Soir<\/em>&nbsp;du <a href=\"https:\/\/www.bfmtv.com\/replay-emissions\/bfm-radio-soir\/l-invitee-anne-deysine-juriste-et-americaniste_EN-202409100934.html\">10 septembre 2024<\/a>.<br><\/p>\n\n\n\n<p><strong>Pour aller plus loin&nbsp;articles et recensions :<\/strong><\/p>\n\n\n\n<p>Article du 30 juin 2025 : \u00ab <a href=\"https:\/\/www.lemonde.fr\/idees\/article\/2025\/06\/30\/anne-deysine-juriste-et-americaniste-la-decision-de-la-cour-supreme-marque-l-avenement-d-une-societe-sans-droit_6616945_3232.html\">Anne Deysine, juriste et am\u00e9ricaniste&nbsp;: &nbsp;\u00ab\u00a0La d\u00e9cision de la Cour supr\u00eame am\u00e9ricaine marque l\u2019av\u00e8nement d\u2019une soci\u00e9t\u00e9 sans droit\u00a0\u00bb<\/a> \u00bb dans <em>Le Monde<\/em>. <\/p>\n\n\n\n<p>Article du 25 juin 2025 : \u00ab <a href=\"https:\/\/aoc.media\/analyse\/2025\/06\/24\/qui-peut-arreter-le-tournant-monarchique-de-donald-trump\/\">Qui peut arr\u00eater le tournant monarchique de Donald Trump<\/a> ? \u00bb dans <em>AOC<\/em>.<\/p>\n\n\n\n<p>Article du 24 juin 2025 : \u00ab <a href=\"https:\/\/www.liberation.fr\/idees-et-debats\/tribunes\/qui-peut-stopper-le-hors-la-loi-donald-trump-20250624_H7ET74V3WBFXNLYZA7SMGUBPB4\/\">Qui peut stopper le hors-la-loi Donald Trump&nbsp;?<\/a> \u00bb dans <em>Lib\u00e9ration<\/em>.<\/p>\n\n\n\n<p>Article du 19 juin 2025 : \u00ab <a href=\"https:\/\/www.nouvelobs.com\/monde\/20250619.OBS105110\/trump-peut-il-decider-tout-seul-d-entrer-en-guerre-contre-l-iran.html\">Trump peut-il d\u00e9cider tout seul d\u2019entrer en guerre contre l\u2019Iran&nbsp;?<\/a> \u00bb dans <em>Le Nouvel Obs<\/em>.<\/p>\n\n\n\n<p>Article du 17 juin 2025 : \u00ab <a href=\"https:\/\/theconversation.com\/rafles-expulsions-la-gestion-de-limmigration-illustration-du-tournant-autoritaire-de-donald-trump-259113\">Rafles, expulsions\u2026 la gestion de l\u2019immigration, illustration du tournant autoritaire de Donald&nbsp;Trump&nbsp;?<\/a> \u00bb dans <em>The Conversation<\/em>. <\/p>\n\n\n\n<p>Article du 8 mai 2025 : \u00ab <a href=\"https:\/\/www.leclubdesjuristes.com\/international\/que-peut-la-justice-contre-les-droits-de-douane-de-trump-10577\/\">Que peut la justice contre les droits de douane de Trump<\/a>&nbsp;? \u00bb d&rsquo;Anne Deysine dans <em>Le club des juristes<\/em>.  <\/p>\n\n\n\n<p>Article du 1er mai 2025 : \u00ab <a href=\"https:\/\/www.lemonde.fr\/les-decodeurs\/article\/2025\/05\/01\/comment-donald-trump-contourne-le-congres-des-etats-unis-grace-a-l-usage-intensif-des-decrets_6602071_4355770.html\">Comment Donald Trump contourne le Congr\u00e8s des Etats-Unis gr\u00e2ce \u00e0 l\u2019usage intensif des d\u00e9crets<\/a> \u00bb dans <em>Le Monde<\/em>. <\/p>\n\n\n\n<p>Recension mai 2025 : \u00ab Les livres du mois \u00bb dans le <em>Monde diplomatique<\/em> : \u00ab <a href=\"https:\/\/www.monde-diplomatique.fr\/2025\/05\/SIZAIRE\/68372\">Aux sources de l\u2019\u00c9tat de droit<\/a> \u00bb par Vincent Sizaire. <\/p>\n\n\n\n<p>Article 29 avril 2025 : \u00ab <a href=\"https:\/\/theconversation.com\/trump-face-aux-juges-le-bras-de-fer-255137\">Trump face aux juges&nbsp;: le bras de&nbsp;fer<\/a> \u00bb dans <em>The Conversation<\/em>.<\/p>\n\n\n\n<p>Article 23 avril 2025 : \u00ab&nbsp;<a href=\"https:\/\/www.lemonde.fr\/idees\/article\/2025\/04\/23\/les-magnats-de-la-tech-pourraient-se-retourner-contre-donald-trump_6599309_3232.html\">Les magnats de la tech pourraient se retourner contre Donald Trump<\/a>&nbsp;\u00bb dans <em>Le Monde<\/em>. <\/p>\n\n\n\n<p>Article du 3 avril 2025 : \u00ab&nbsp;<a href=\"https:\/\/www.leparisien.fr\/international\/etats-unis\/il-devient-encombrant-elon-musk-sur-le-point-de-quitter-ladministration-trump-03-04-2025-BHT5QVRI5ZE5PFTY2NCD2HJACA.php\">\u00ab\u00a0Il devient encombrant\u00a0\u00bb&nbsp;&nbsp;: Elon Musk, sur le point de quitter l\u2019administration Trump&nbsp;?<\/a>  \u00bb du <em>Parisien<\/em>.<\/p>\n\n\n\n<p>Article \u00ab <a href=\"https:\/\/www.tf1info.fr\/international\/verif-donald-trump-peut-il-vraiment-briguer-un-troisieme-mandat-comme-il-le-pretend-2362593.html\">V\u00c9RIF&rsquo;- Donald Trump peut-il briguer un troisi\u00e8me mandat, comme il le pr\u00e9tend ?<\/a> \u00bbsur <em>LCI<\/em> du 1er avril 2025. <\/p>\n\n\n\n<p>Article du 28 mars 2025 : <a href=\"https:\/\/www.la-croix.com\/a-vif\/seule-l-opinion-publique-peut-eviter-la-decredibilisation-par-trump-du-pouvoir-judiciaire-20250328\">\u00ab \u00c9tats-Unis : \u00ab\u00a0Seule l\u2019opinion publique peut \u00e9viter la d\u00e9cr\u00e9dibilisation par Trump du pouvoir judiciaire\u00a0\u00bb \u00bb<\/a> de <em>La Croix<\/em>. <\/p>\n\n\n\n<p>Article du 25 mars 2025 : \u00ab <a href=\"https:\/\/www.20minutes.fr\/monde\/etats-unis\/4145202-20250325-etats-unis-risque-conseiller-securite-nationale-michael-waltz-apres-bourde-plans-militaires\">\u00c9tats-Unis&nbsp;: Que risque le conseiller \u00e0 la s\u00e9curit\u00e9 nationale Michael Waltz apr\u00e8s sa bourde&nbsp;sur les plans militaires&nbsp;?<\/a> \u00bb de <em>20 minutes<\/em>. <\/p>\n\n\n\n<p>Article du 3 f\u00e9vrier 2025 : \u00ab <a href=\"https:\/\/www.la-croix.com\/a-vif\/face-a-musk-et-trump-l-europe-doit-proteger-ses-reglementations-20250203\">Face \u00e0 Musk et Trump, l\u2019Europe doit prot\u00e9ger ses r\u00e9glementations<\/a> \u00bb de <em>La Croix<\/em>.<\/p>\n\n\n\n<p>Article du 30 janvier 2025 : \u00ab <a href=\"https:\/\/www.leparisien.fr\/international\/etats-unis\/licenciements-et-limogeage-en-serie-donald-trump-peut-il-renvoyer-autant-de-fonctionnaires-quil-le-souhaite-30-01-2025-TXT6QX5UWJCDNECV3ODZQPOQRQ.php\">Licenciements et limogeage en s\u00e9rie&nbsp;: Donald Trump peut-il renvoyer autant de fonctionnaires qu\u2019il le souhaite<\/a>&nbsp;? &nbsp;\u00bb du <em>Parisien<\/em>. <\/p>\n\n\n\n<p>Article du 24 janvier 2025 : \u00ab <a href=\"https:\/\/www.lesoir.be\/650740\/article\/2025-01-24\/anne-deysine-experte-des-etats-unis-la-resistance-va-se-focaliser-sur-ce-qui-est\">Anne Deysine, experte des Etats-Unis&nbsp;: \u201dLa r\u00e9sistance va se focaliser sur ce qui est vraiment important\u201d<\/a>&nbsp;\u00bb de <em>Le Soir<\/em>.<\/p>\n\n\n\n<p>Article dans le num\u00e9ro de janvier-f\u00e9vrier 2025 d&rsquo;Esprit : \u00ab <a href=\"https:\/\/esprit.presse.fr\/article\/anne-deysine\/trump-et-le-principe-de-realite-45700\">Trump et le principe de r\u00e9alit\u00e9<\/a> \u00bb.<\/p>\n\n\n\n<p>Article du 18 janvier 2025 \u00ab <a href=\"https:\/\/theconversation.com\/trump-et-le-serpent-de-mer-de-la-reforme-de-letat-federal-247612\">Trump et le serpent de mer de la r\u00e9forme de l\u2019\u00c9tat&nbsp;f\u00e9d\u00e9ral<\/a> \u00bb de <em>The Conversation<\/em>.<\/p>\n\n\n\n<p>Article du 11 novembre 2024 <a href=\"https:\/\/www.rfi.fr\/fr\/am%C3%A9riques\/20241111-%C3%A9tats-unis-pourquoi-des-d%C3%A9mocrates-veulent-la-d%C3%A9mission-d-une-juge-de-la-cour-supr%C3%AAme\">\u00ab&nbsp;\u00c9tats-Unis&nbsp;: pourquoi des d\u00e9mocrates veulent la d\u00e9mission d&rsquo;une juge de la Cour supr\u00eame&nbsp;\u00bb<\/a> de&nbsp;<em>RFI<\/em>.<\/p>\n\n\n\n<p>Article du 9 novembre 2024 <a href=\"https:\/\/mondafrique.com\/libre-opinion\/anne-deysine-le-parti-democrate-est-devenu-le-parti-de-lelite\/\">\u00ab&nbsp;Anne Deysine: \u201cle parti d\u00e9mocrate est devenu le parti de l\u2019\u00e9lite\u201d \u00bb<\/a> de&nbsp;<em>Mondafrique<\/em>.<\/p>\n\n\n\n<p>Article du 9 novembre 2024 <a href=\"https:\/\/news.dayfr.com\/aujourd\/3904139.html\">\u00ab&nbsp;\u00c9tats-Unis&nbsp;: les le\u00e7ons de l\u2019\u00e9lection&nbsp;\u00bb<\/a> de&nbsp;<em>News days<\/em>.<\/p>\n\n\n\n<p>Article&nbsp;du 6 novembre 2024 <a href=\"https:\/\/www.lesoir.be\/634381\/article\/2024-11-06\/le-president-des-etats-unis-beaucoup-de-pouvoirs-donald-trump-pourrait-en\">\u00ab&nbsp;Le pr\u00e9sident des Etats-Unis a beaucoup de pouvoirs, Donald Trump pourrait en vouloir plus encore&nbsp;\u00bb<\/a>&nbsp;de <em>Le Soir<\/em>.<\/p>\n\n\n\n<p>Article du 8 novembre 2024 <a href=\"https:\/\/www.capital.fr\/economie-politique\/donald-trump-reelu-pourra-t-il-echapper-a-toutes-ses-casseroles-judiciaires-1505172\">\u00ab&nbsp;Donald Trump r\u00e9\u00e9lu : pourra-t-il \u00e9chapper \u00e0 toutes ses casseroles judiciaires ?&nbsp;\u00bb<\/a> de&nbsp;<em>Le Capital<\/em>.<\/p>\n\n\n\n<p>Article du 8 novembre 2024 <a href=\"https:\/\/news.dayfr.com\/trends\/3898808.html\">\u00ab&nbsp;parviendra-t-il \u00e0 \u00e9chapper \u00e0 tous ses probl\u00e8mes juridiques&nbsp;?&nbsp;\u00bb<\/a> de&nbsp;<em>News days<\/em>.<\/p>\n\n\n\n<p>Article du 6 novembre 2024 <a href=\"https:\/\/www.sudouest.fr\/international\/presidentielle-americaine-et-maintenant-22048459.php\">\u00ab&nbsp;Pr\u00e9sidentielle am\u00e9ricaine&nbsp;: et maintenant\u202f?&nbsp;\u00bb<\/a> de&nbsp;<em>Sud Ouest<\/em>.<\/p>\n\n\n\n<p>Article du 6 novembre 2024 <a href=\"https:\/\/www.ouest-france.fr\/monde\/etats-unis\/elections-americaines\/elections-americaines-donald-trump-na-presque-plus-de-contre-pouvoirs-069031ee-9c52-11ef-8c9a-d91c37658659\">\u00ab&nbsp;\u00c9lections am\u00e9ricaines. \u201cDonald Trump n\u2019a presque plus de contre-pouvoirs\u201d \u00bb<\/a> de&nbsp;<em>Ouest France<\/em>.<\/p>\n\n\n\n<p>Article du 1<sup>er<\/sup>&nbsp;novembre 2024 <a href=\"https:\/\/www.france24.com\/fr\/%C3%A9missions\/actuelles\/20241101-pr%C3%A9sidentielle-am%C3%A9ricaine-la-guerre-des-sexes-fait-rage\">\u00ab&nbsp;Pr\u00e9sidentielle am\u00e9ricaine&nbsp;: la guerre des sexes fait rage&nbsp;\u00bb<\/a> de&nbsp;<em>France 24<\/em>.<\/p>\n\n\n\n<p>Article du 31 octobre 2024 <a href=\"https:\/\/www.la-croix.com\/international\/les-juges-contre-l-amerique-danne-deysine-main-basse-sur-le-pouvoir-judiciaire-20241031\">\u00ab&nbsp;\u201cLes juges contre l\u2019Am\u00e9rique\u201d d\u2019Anne Deysine&nbsp;: main basse sur le pouvoir judiciaire&nbsp;?&nbsp;\u00bb<\/a> de <em>La Croix<\/em>.<\/p>\n\n\n\n<p>Article&nbsp;<em>Le Monde<\/em>&nbsp;du 14 octobre 2024&nbsp; <a href=\"https:\/\/www.lemonde.fr\/idees\/article\/2024\/10\/14\/election-presidentielle-americaine-meme-si-kamala-harris-l-emporte-la-derive-droitiere-de-la-cour-supreme-promet-de-se-poursuivre_6351628_3232.html\">\u00ab&nbsp;\u00c9lection pr\u00e9sidentielle am\u00e9ricaine&nbsp;: \u201cM\u00eame si Kamala Harris l\u2019emporte, la d\u00e9rive droiti\u00e8re de la Cour supr\u00eame promet de se poursuivre\u201d&nbsp;\u00bb<\/a>.<\/p>\n\n\n<style>.wp-block-kadence-spacer.kt-block-spacer-3390_182d9c-3c .kt-block-spacer{height:60px;}.wp-block-kadence-spacer.kt-block-spacer-3390_182d9c-3c .kt-divider{border-top-width:1px;height:1px;border-top-color:#eee;width:80%;border-top-style:solid;}<\/style>\n<div class=\"wp-block-kadence-spacer aligncenter kt-block-spacer-3390_182d9c-3c\"><div class=\"kt-block-spacer kt-block-spacer-halign-center\"><hr class=\"kt-divider\"\/><\/div><\/div>\n\n\n\n<h3 class=\"wp-block-heading\"><strong>Retrouvez les<\/strong> <strong><mark style=\"background-color:rgba(0, 0, 0, 0)\" class=\"has-inline-color has-theme-palette-3-color\">vid\u00e9os<\/mark><\/strong> <strong>de l&rsquo;intervention d&rsquo;Anne Deysine du 26 novembre 2024<\/strong> :<\/h3>\n\n\n\n<figure class=\"wp-block-embed is-type-video is-provider-youtube wp-block-embed-youtube wp-embed-aspect-16-9 wp-has-aspect-ratio\" style=\"margin-top:0;margin-right:0;margin-bottom:0;margin-left:0\"><div class=\"wp-block-embed__wrapper\">\n<iframe loading=\"lazy\" title=\"Les juges contre l&#039;Am\u00e9rique. La capture de la Cour supr\u00eame par la droite radicale\" width=\"720\" height=\"405\" src=\"https:\/\/www.youtube.com\/embed\/videoseries?list=PLht3ejvBMo9D_7prR47n2VRcibo_FEw4t\" frameborder=\"0\" allow=\"accelerometer; autoplay; clipboard-write; encrypted-media; gyroscope; picture-in-picture; web-share\" referrerpolicy=\"strict-origin-when-cross-origin\" allowfullscreen><\/iframe>\n<\/div><\/figure>\n","protected":false},"excerpt":{"rendered":"<p>Autour de l&rsquo;ouvrage Les juges contre l&rsquo;Am\u00e9rique Les Juges contre l&rsquo;Am\u00e9rique. La capture de la Cour supr\u00eame par la droite radicale Retrouvez les interventions d\u2019Anne Deysine : \u00c9mission \u00ab&nbsp;Trump, l\u2019engrenage autoritaire&nbsp;?&nbsp;\u00bb, \u00ab&nbsp;Les Matins d\u2019\u00e9t\u00e9&nbsp;\u00bb de France Culture le 2 juillet 2025. \u00c9mission \u00ab Iran-Isra\u00ebl, manifestations pour la Palestine, manifestations anti-Trump&#8230; \u00bb Les inform\u00e9s de FranceInfo&#8230;<\/p>\n","protected":false},"author":4,"featured_media":0,"parent":0,"menu_order":0,"comment_status":"closed","ping_status":"closed","template":"","meta":{"_kad_blocks_custom_css":"","_kad_blocks_head_custom_js":"","_kad_blocks_body_custom_js":"","_kad_blocks_footer_custom_js":"","_kadence_starter_templates_imported_post":false,"_kad_post_transparent":"","_kad_post_title":"","_kad_post_layout":"","_kad_post_sidebar_id":"","_kad_post_content_style":"","_kad_post_vertical_padding":"","_kad_post_feature":"","_kad_post_feature_position":"","_kad_post_header":false,"_kad_post_footer":false,"_kad_post_classname":"","footnotes":""},"class_list":["post-3390","page","type-page","status-publish","hentry"],"taxonomy_info":[],"featured_image_src_large":false,"author_info":{"display_name":"Fanny Herman","author_link":"https:\/\/presses-universitaires.parisnanterre.fr\/index.php\/author\/fanny\/"},"comment_info":0,"_links":{"self":[{"href":"https:\/\/presses-universitaires.parisnanterre.fr\/index.php\/wp-json\/wp\/v2\/pages\/3390","targetHints":{"allow":["GET"]}}],"collection":[{"href":"https:\/\/presses-universitaires.parisnanterre.fr\/index.php\/wp-json\/wp\/v2\/pages"}],"about":[{"href":"https:\/\/presses-universitaires.parisnanterre.fr\/index.php\/wp-json\/wp\/v2\/types\/page"}],"author":[{"embeddable":true,"href":"https:\/\/presses-universitaires.parisnanterre.fr\/index.php\/wp-json\/wp\/v2\/users\/4"}],"replies":[{"embeddable":true,"href":"https:\/\/presses-universitaires.parisnanterre.fr\/index.php\/wp-json\/wp\/v2\/comments?post=3390"}],"version-history":[{"count":64,"href":"https:\/\/presses-universitaires.parisnanterre.fr\/index.php\/wp-json\/wp\/v2\/pages\/3390\/revisions"}],"predecessor-version":[{"id":4054,"href":"https:\/\/presses-universitaires.parisnanterre.fr\/index.php\/wp-json\/wp\/v2\/pages\/3390\/revisions\/4054"}],"wp:attachment":[{"href":"https:\/\/presses-universitaires.parisnanterre.fr\/index.php\/wp-json\/wp\/v2\/media?parent=3390"}],"curies":[{"name":"wp","href":"https:\/\/api.w.org\/{rel}","templated":true}]}}